{"id":939,"date":"2018-10-15T17:06:38","date_gmt":"2018-10-15T15:06:38","guid":{"rendered":"http:\/\/kvs-law.de\/?page_id=939"},"modified":"2019-05-03T12:14:57","modified_gmt":"2019-05-03T10:14:57","slug":"oepp-projekte","status":"publish","type":"page","link":"https:\/\/www.kruhlvonstrenge.de\/en\/branchen\/oepp-projekte\/","title":{"rendered":"\u00d6PP-Projekte"},"content":{"rendered":"<div      class=\"vc_row wpb_row section vc_row-fluid\" style=' text-align:left;'><div class=\"full_section_inner clearfix\"><div class=\"wpb_column vc_column_container vc_col-sm-12\"><div class=\"vc_column-inner\"><div class=\"wpb_wrapper\">\n\t<div class=\"wpb_single_image wpb_content_element vc_align_left  vc_custom_1556878493949\">\n\t\t<div class=\"wpb_wrapper\">\n\t\t\t\n\t\t\t<div class=\"vc_single_image-wrapper   vc_box_border_grey\"><img width=\"4000\" height=\"744\" src=\"https:\/\/www.kruhlvonstrenge.de\/wp-content\/uploads\/2019\/05\/kruhl-von-strenge-header-OEPP.jpg\" class=\"vc_single_image-img attachment-full\" alt=\"\" loading=\"lazy\" title=\"kruhl-von-strenge-header-OEPP\" srcset=\"https:\/\/www.kruhlvonstrenge.de\/wp-content\/uploads\/2019\/05\/kruhl-von-strenge-header-OEPP.jpg 4000w, https:\/\/www.kruhlvonstrenge.de\/wp-content\/uploads\/2019\/05\/kruhl-von-strenge-header-OEPP-300x56.jpg 300w, https:\/\/www.kruhlvonstrenge.de\/wp-content\/uploads\/2019\/05\/kruhl-von-strenge-header-OEPP-768x143.jpg 768w, https:\/\/www.kruhlvonstrenge.de\/wp-content\/uploads\/2019\/05\/kruhl-von-strenge-header-OEPP-1024x190.jpg 1024w, https:\/\/www.kruhlvonstrenge.de\/wp-content\/uploads\/2019\/05\/kruhl-von-strenge-header-OEPP-700x130.jpg 700w\" sizes=\"(max-width: 4000px) 100vw, 4000px\" \/><\/div>\n\t\t<\/div>\n\t<\/div>\n<div class=\"separator  transparent\" style=\"margin-top: 80pxpx;\"><\/div>\n<\/div><\/div><\/div><\/div><\/div><div      class=\"vc_row wpb_row section vc_row-fluid  vc_custom_1539609177536 grid_section\" style=' text-align:left;'><div class=\"section_inner clearfix\"><div class='section_inner_margin clearfix'><div class=\"wpb_column vc_column_container vc_col-sm-4\"><div class=\"vc_column-inner\"><div class=\"wpb_wrapper\">\n\t<div class=\"wpb_text_column wpb_content_element\">\n\t\t<div class=\"wpb_wrapper\">\n\t\t\t<h1 class=\"translation-block\">PPP<br>\nProjects<\/h1>\n\n\t\t<\/div> \n\t<\/div> <div class=\"separator  transparent\" style=\"margin-top: 20pxpx;\"><\/div>\n<\/div><\/div><\/div><div class=\"wpb_column vc_column_container vc_col-sm-8\"><div class=\"vc_column-inner\"><div class=\"wpb_wrapper\">\n\t<div class=\"wpb_text_column wpb_content_element  vc_custom_1539680893257\">\n\t\t<div class=\"wpb_wrapper\">\n\t\t\t<p>In the public private partnership (PPP) sector Kruhl von Strenge is one of Germany\u2019s leading law firms. We are frequently involved in major and pilot projects in the PPP area and advise on project contracts, public procurement law and financing. Our clients in this area includes some of Europe\u2019s and the world\u2019s largest construction companies, as well authorities, public enterprises and infrastructure funds.<\/p>\n<p>&nbsp;<\/p>\n<p>We are constantly advising on PPP projects related to roadways, particularly federal motorways as well as state and district roads, tunnels and bridges. Apart from this we have intensive consulting experience on PPP models in the areas trade fairs and convention centres, seaports, broadband cable as well as superstructures (schools, hospitals, other public buildings).<\/p>\n<p>&nbsp;<\/p>\n<p>In addition to our legal knowledge and our market experience we also have a profound understanding of the economic bases of PPP projects. Based on our years of experience consulting for projects in the implementation phase we also have a good understanding of the specific technical factors. We are very well connected on the German PPP market.<\/p>\n\n\t\t<\/div> \n\t<\/div> \n\t<div class=\"wpb_text_column wpb_content_element  vc_custom_1550590844283\">\n\t\t<div class=\"wpb_wrapper\">\n\t\t\t<p>Practice Areas: <a href=\"\/en\/rechtsgebiete\/oeffentliches-recht\/\">PUBLIC LAW DUE DILIGENCE<\/a>, <a href=\"\/en\/rechtsgebiete\/oeffentliches-recht\/\">INFRASTRUCTURE<\/a>, <a href=\"\/en\/rechtsgebiete\/vergaberecht\/\">PUBLIC PROCUREMENT LAW<\/a>, <a href=\"\/en\/rechtsgebiete\/immobilienrecht\/\">REAL ESTATE LAW<\/a>, <a href=\"\/en\/rechtsgebiete\/oeffentliches-recht\/\">SECTOR PLANNING LAW<\/a><\/p>\n\n\t\t<\/div> \n\t<\/div> <\/div><\/div><\/div><\/div><\/div><\/div>","protected":false},"excerpt":{"rendered":"\u00d6PP- PROJEKTE Im Sektor \u00d6ffentlich Private Partnerschaften (\u00d6PP) geh\u00f6rt Kruhl von Strenge zu den f\u00fchrenden Soziet\u00e4ten in Deutschland. Wir sind st\u00e4ndig an Gro\u00df- und Pilotprojekten im Bereich \u00d6PP beteiligt und beraten zu den Projektvertr\u00e4gen, zum Vergaberecht und zur Finanzierung. Zu unseren Mandanten in diesem Bereich...","protected":false},"author":1,"featured_media":0,"parent":567,"menu_order":3,"comment_status":"closed","ping_status":"closed","template":"full_width.php","meta":[],"yoast_head":"<!-- This site is optimized with the Yoast SEO plugin v20.6 - https:\/\/yoast.com\/wordpress\/plugins\/seo\/ -->\n<title>\u00d6PP-Projekte - Kruhl von Strenge<\/title>\n<meta name=\"robots\" content=\"index, follow, max-snippet:-1, max-image-preview:large, max-video-preview:-1\" \/>\n<link rel=\"canonical\" href=\"https:\/\/www.kruhlvonstrenge.de\/en\/branchen\/oepp-projekte\/\" \/>\n<meta property=\"og:locale\" content=\"en_US\" \/>\n<meta property=\"og:type\" content=\"article\" \/>\n<meta property=\"og:title\" content=\"\u00d6PP-Projekte - Kruhl von Strenge\" \/>\n<meta property=\"og:url\" content=\"https:\/\/www.kruhlvonstrenge.de\/en\/branchen\/oepp-projekte\/\" \/>\n<meta property=\"og:site_name\" content=\"Kruhl von Strenge\" \/>\n<meta property=\"article:modified_time\" content=\"2019-05-03T10:14:57+00:00\" \/>\n<meta name=\"twitter:card\" content=\"summary_large_image\" \/>\n<meta name=\"twitter:label1\" content=\"Est. reading time\" \/>\n\t<meta name=\"twitter:data1\" content=\"2 minutes\" \/>\n<script type=\"application\/ld+json\" class=\"yoast-schema-graph\">{\"@context\":\"https:\/\/schema.org\",\"@graph\":[{\"@type\":\"WebPage\",\"@id\":\"https:\/\/www.kruhlvonstrenge.de\/branchen\/oepp-projekte\/\",\"url\":\"https:\/\/www.kruhlvonstrenge.de\/branchen\/oepp-projekte\/\",\"name\":\"\u00d6PP-Projekte - Kruhl von Strenge\",\"isPartOf\":{\"@id\":\"https:\/\/www.kruhlvonstrenge.de\/#website\"},\"datePublished\":\"2018-10-15T15:06:38+00:00\",\"dateModified\":\"2019-05-03T10:14:57+00:00\",\"breadcrumb\":{\"@id\":\"https:\/\/www.kruhlvonstrenge.de\/branchen\/oepp-projekte\/#breadcrumb\"},\"inLanguage\":\"en-US\",\"potentialAction\":[{\"@type\":\"ReadAction\",\"target\":[\"https:\/\/www.kruhlvonstrenge.de\/branchen\/oepp-projekte\/\"]}]},{\"@type\":\"BreadcrumbList\",\"@id\":\"https:\/\/www.kruhlvonstrenge.de\/branchen\/oepp-projekte\/#breadcrumb\",\"itemListElement\":[{\"@type\":\"ListItem\",\"position\":1,\"name\":\"Startseite\",\"item\":\"https:\/\/www.kruhlvonstrenge.de\/\"},{\"@type\":\"ListItem\",\"position\":2,\"name\":\"Branchen\",\"item\":\"https:\/\/www.kruhlvonstrenge.de\/branchen\/\"},{\"@type\":\"ListItem\",\"position\":3,\"name\":\"\u00d6PP-Projekte\"}]},{\"@type\":\"WebSite\",\"@id\":\"https:\/\/www.kruhlvonstrenge.de\/#website\",\"url\":\"https:\/\/www.kruhlvonstrenge.de\/\",\"name\":\"Kruhl von Strenge\",\"description\":\"Rechtsanw\u00e4lte\",\"potentialAction\":[{\"@type\":\"SearchAction\",\"target\":{\"@type\":\"EntryPoint\",\"urlTemplate\":\"https:\/\/www.kruhlvonstrenge.de\/?s={search_term_string}\"},\"query-input\":\"required name=search_term_string\"}],\"inLanguage\":\"en-US\"}]}<\/script>\n<!-- \/ Yoast SEO plugin. -->","yoast_head_json":{"title":"\u00d6PP-Projekte - Kruhl von Strenge","robots":{"index":"index","follow":"follow","max-snippet":"max-snippet:-1","max-image-preview":"max-image-preview:large","max-video-preview":"max-video-preview:-1"},"canonical":"https:\/\/www.kruhlvonstrenge.de\/en\/branchen\/oepp-projekte\/","og_locale":"en_US","og_type":"article","og_title":"\u00d6PP-Projekte - Kruhl von Strenge","og_url":"https:\/\/www.kruhlvonstrenge.de\/en\/branchen\/oepp-projekte\/","og_site_name":"Kruhl von Strenge","article_modified_time":"2019-05-03T10:14:57+00:00","twitter_card":"summary_large_image","twitter_misc":{"Est. reading time":"2 minutes"},"schema":{"@context":"https:\/\/schema.org","@graph":[{"@type":"WebPage","@id":"https:\/\/www.kruhlvonstrenge.de\/branchen\/oepp-projekte\/","url":"https:\/\/www.kruhlvonstrenge.de\/branchen\/oepp-projekte\/","name":"\u00d6PP-Projekte - Kruhl von Strenge","isPartOf":{"@id":"https:\/\/www.kruhlvonstrenge.de\/#website"},"datePublished":"2018-10-15T15:06:38+00:00","dateModified":"2019-05-03T10:14:57+00:00","breadcrumb":{"@id":"https:\/\/www.kruhlvonstrenge.de\/branchen\/oepp-projekte\/#breadcrumb"},"inLanguage":"en-US","potentialAction":[{"@type":"ReadAction","target":["https:\/\/www.kruhlvonstrenge.de\/branchen\/oepp-projekte\/"]}]},{"@type":"BreadcrumbList","@id":"https:\/\/www.kruhlvonstrenge.de\/branchen\/oepp-projekte\/#breadcrumb","itemListElement":[{"@type":"ListItem","position":1,"name":"Startseite","item":"https:\/\/www.kruhlvonstrenge.de\/"},{"@type":"ListItem","position":2,"name":"Branchen","item":"https:\/\/www.kruhlvonstrenge.de\/branchen\/"},{"@type":"ListItem","position":3,"name":"\u00d6PP-Projekte"}]},{"@type":"WebSite","@id":"https:\/\/www.kruhlvonstrenge.de\/#website","url":"https:\/\/www.kruhlvonstrenge.de\/","name":"Kruhl von Strenge ensures legal security for your project success","description":"Rechtsanw\u00e4lte","potentialAction":[{"@type":"SearchAction","target":{"@type":"EntryPoint","urlTemplate":"https:\/\/www.kruhlvonstrenge.de\/?s={search_term_string}"},"query-input":"required name=search_term_string"}],"inLanguage":"en-US"}]}},"_links":{"self":[{"href":"https:\/\/www.kruhlvonstrenge.de\/en\/wp-json\/wp\/v2\/pages\/939"}],"collection":[{"href":"https:\/\/www.kruhlvonstrenge.de\/en\/wp-json\/wp\/v2\/pages"}],"about":[{"href":"https:\/\/www.kruhlvonstrenge.de\/en\/wp-json\/wp\/v2\/types\/page"}],"author":[{"embeddable":true,"href":"https:\/\/www.kruhlvonstrenge.de\/en\/wp-json\/wp\/v2\/users\/1"}],"replies":[{"embeddable":true,"href":"https:\/\/www.kruhlvonstrenge.de\/en\/wp-json\/wp\/v2\/comments?post=939"}],"version-history":[{"count":10,"href":"https:\/\/www.kruhlvonstrenge.de\/en\/wp-json\/wp\/v2\/pages\/939\/revisions"}],"predecessor-version":[{"id":1595,"href":"https:\/\/www.kruhlvonstrenge.de\/en\/wp-json\/wp\/v2\/pages\/939\/revisions\/1595"}],"up":[{"embeddable":true,"href":"https:\/\/www.kruhlvonstrenge.de\/en\/wp-json\/wp\/v2\/pages\/567"}],"wp:attachment":[{"href":"https:\/\/www.kruhlvonstrenge.de\/en\/wp-json\/wp\/v2\/media?parent=939"}],"curies":[{"name":"wp","href":"https:\/\/api.w.org\/{rel}","templated":true}]}}