{"id":932,"date":"2018-10-15T17:01:53","date_gmt":"2018-10-15T15:01:53","guid":{"rendered":"http:\/\/kvs-law.de\/?page_id=932"},"modified":"2019-05-03T12:12:53","modified_gmt":"2019-05-03T10:12:53","slug":"immobilienwirtschaft","status":"publish","type":"page","link":"https:\/\/www.kruhlvonstrenge.de\/en\/branchen\/immobilienwirtschaft\/","title":{"rendered":"Real Estate"},"content":{"rendered":"<div      class=\"vc_row wpb_row section vc_row-fluid\" style=' text-align:left;'><div class=\"full_section_inner clearfix\"><div class=\"wpb_column vc_column_container vc_col-sm-12\"><div class=\"vc_column-inner\"><div class=\"wpb_wrapper\">\n\t<div class=\"wpb_single_image wpb_content_element vc_align_left  vc_custom_1556878371690\">\n\t\t<div class=\"wpb_wrapper\">\n\t\t\t\n\t\t\t<div class=\"vc_single_image-wrapper   vc_box_border_grey\"><img width=\"4000\" height=\"744\" src=\"https:\/\/www.kruhlvonstrenge.de\/wp-content\/uploads\/2019\/05\/kruhl-von-strenge-header-Immobilienwirtschaft.jpg\" class=\"vc_single_image-img attachment-full\" alt=\"\" loading=\"lazy\" title=\"kruhl-von-strenge-header-Immobilienwirtschaft\" srcset=\"https:\/\/www.kruhlvonstrenge.de\/wp-content\/uploads\/2019\/05\/kruhl-von-strenge-header-Immobilienwirtschaft.jpg 4000w, https:\/\/www.kruhlvonstrenge.de\/wp-content\/uploads\/2019\/05\/kruhl-von-strenge-header-Immobilienwirtschaft-300x56.jpg 300w, https:\/\/www.kruhlvonstrenge.de\/wp-content\/uploads\/2019\/05\/kruhl-von-strenge-header-Immobilienwirtschaft-768x143.jpg 768w, https:\/\/www.kruhlvonstrenge.de\/wp-content\/uploads\/2019\/05\/kruhl-von-strenge-header-Immobilienwirtschaft-1024x190.jpg 1024w, https:\/\/www.kruhlvonstrenge.de\/wp-content\/uploads\/2019\/05\/kruhl-von-strenge-header-Immobilienwirtschaft-700x130.jpg 700w\" sizes=\"(max-width: 4000px) 100vw, 4000px\" \/><\/div>\n\t\t<\/div>\n\t<\/div>\n<div class=\"separator  transparent\" style=\"margin-top: 80pxpx;\"><\/div>\n<\/div><\/div><\/div><\/div><\/div><div      class=\"vc_row wpb_row section vc_row-fluid  vc_custom_1539609177536 grid_section\" style=' text-align:left;'><div class=\"section_inner clearfix\"><div class='section_inner_margin clearfix'><div class=\"wpb_column vc_column_container vc_col-sm-4\"><div class=\"vc_column-inner\"><div class=\"wpb_wrapper\">\n\t<div class=\"wpb_text_column wpb_content_element\">\n\t\t<div class=\"wpb_wrapper\">\n\t\t\t<h1 class=\"translation-block\">REAL ESTATE<\/h1>\n\n\t\t<\/div> \n\t<\/div> <div class=\"separator  transparent\" style=\"margin-top: 20pxpx;\"><\/div>\n<\/div><\/div><\/div><div class=\"wpb_column vc_column_container vc_col-sm-8\"><div class=\"vc_column-inner\"><div class=\"wpb_wrapper\">\n\t<div class=\"wpb_text_column wpb_content_element  vc_custom_1539680725330\">\n\t\t<div class=\"wpb_wrapper\">\n\t\t\t<p>Kruhl von Strenge provides comprehensive consulting services for the real estate industry. Project developments, property transactions, real estate joint ventures and commercial leases are the focus of our consulting services.<\/p>\n<p>&nbsp;<\/p>\n<p>We provide comprehensive advice on public building law. One of our core competencies is securing building rights. We frequently advise on (project related) land development plans, urban development contracts and proceedings on the granting of building permits and support our clients during negotiations with authorities and neighbours. Having focused on the real estate sector for many years, we have outstanding market knowledge, professional contacts with authorities and key market participants, along with profound understanding of business and economics. We support transactions and developments for all types of properties.<\/p>\n<p>&nbsp;<\/p>\n<p><strong>We are particularly experienced in<\/strong><\/p>\n<p>\u2022 office and commercial properties<br \/>\n\u2022 large housing complexes<br \/>\n\u2022 retail property and shopping centres<br \/>\n\u2022 hotels and boarding houses<br \/>\n\u2022 harbour and logistics properties<br \/>\n\u2022 hospitals and senior residences<br \/>\n\u2022 trade fair and convention centres<br \/>\n\u2022 university buildings<br \/>\n\u2022 administrative buildings<br \/>\n\u2022 data centres<\/p>\n\n\t\t<\/div> \n\t<\/div> \n\t<div class=\"wpb_text_column wpb_content_element\">\n\t\t<div class=\"wpb_wrapper\">\n\t\t\t<p>Practice Areas: <a href=\"\/en\/rechtsgebiete\/immobilienrecht\/\">REAL ESTATE LAW<\/a>, <a href=\"\/en\/rechtsgebiete\/oeffentliches-recht\/\">PUBLIC BUILDING LAW<\/a>, <a href=\"\/en\/rechtsgebiete\/vergaberecht\/\">PUBLIC PROCUREMENT LAW<\/a>, <a href=\"\/en\/rechtsgebiete\/oeffentliches-recht\/\">PRIVATISATION<\/a>, <a href=\"\/en\/rechtsgebiete\/oeffentliches-recht\/\">PUBLIC LAW DUE DILIGENCE<\/a><\/p>\n\n\t\t<\/div> \n\t<\/div> <\/div><\/div><\/div><\/div><\/div><\/div>","protected":false},"excerpt":{"rendered":"IMMOBILIEN- WIRTSCHAFT Kruhl von Strenge ber\u00e4t die Immobilienbranche ganzheitlich. Projektentwicklungen, Grundst\u00fcckstransaktionen, Immobilien-Joint-Ventures und Gewerbemietvertr\u00e4ge stehen im Zentrum unserer Beratung. &nbsp; Wir beraten umfassend zum \u00f6ffentlichen Baurecht. Die Baurechtsschaffung ist eine unserer Kernkompetenzen. Wir beraten st\u00e4ndig zu (vorhabenbezogenen) Bebauungspl\u00e4nen, st\u00e4dtebaulichen Vertr\u00e4gen und Baugenehmigungsverfahren und unterst\u00fctzen unsere...","protected":false},"author":1,"featured_media":0,"parent":567,"menu_order":2,"comment_status":"closed","ping_status":"closed","template":"full_width.php","meta":[],"yoast_head":"<!-- This site is optimized with the Yoast SEO plugin v20.6 - https:\/\/yoast.com\/wordpress\/plugins\/seo\/ -->\n<title>Immobilienwirtschaft - Kruhl von Strenge<\/title>\n<meta name=\"robots\" content=\"index, follow, max-snippet:-1, max-image-preview:large, max-video-preview:-1\" \/>\n<link rel=\"canonical\" href=\"https:\/\/www.kruhlvonstrenge.de\/en\/branchen\/immobilienwirtschaft\/\" \/>\n<meta property=\"og:locale\" content=\"en_US\" \/>\n<meta property=\"og:type\" content=\"article\" \/>\n<meta property=\"og:title\" content=\"Immobilienwirtschaft - Kruhl von Strenge\" \/>\n<meta property=\"og:url\" content=\"https:\/\/www.kruhlvonstrenge.de\/en\/branchen\/immobilienwirtschaft\/\" \/>\n<meta property=\"og:site_name\" content=\"Kruhl von Strenge\" \/>\n<meta property=\"article:modified_time\" content=\"2019-05-03T10:12:53+00:00\" \/>\n<meta name=\"twitter:card\" content=\"summary_large_image\" \/>\n<meta name=\"twitter:label1\" content=\"Est. reading time\" \/>\n\t<meta name=\"twitter:data1\" content=\"1 minute\" \/>\n<script type=\"application\/ld+json\" class=\"yoast-schema-graph\">{\"@context\":\"https:\/\/schema.org\",\"@graph\":[{\"@type\":\"WebPage\",\"@id\":\"https:\/\/www.kruhlvonstrenge.de\/branchen\/immobilienwirtschaft\/\",\"url\":\"https:\/\/www.kruhlvonstrenge.de\/branchen\/immobilienwirtschaft\/\",\"name\":\"Immobilienwirtschaft - Kruhl von Strenge\",\"isPartOf\":{\"@id\":\"https:\/\/www.kruhlvonstrenge.de\/#website\"},\"datePublished\":\"2018-10-15T15:01:53+00:00\",\"dateModified\":\"2019-05-03T10:12:53+00:00\",\"breadcrumb\":{\"@id\":\"https:\/\/www.kruhlvonstrenge.de\/branchen\/immobilienwirtschaft\/#breadcrumb\"},\"inLanguage\":\"en-US\",\"potentialAction\":[{\"@type\":\"ReadAction\",\"target\":[\"https:\/\/www.kruhlvonstrenge.de\/branchen\/immobilienwirtschaft\/\"]}]},{\"@type\":\"BreadcrumbList\",\"@id\":\"https:\/\/www.kruhlvonstrenge.de\/branchen\/immobilienwirtschaft\/#breadcrumb\",\"itemListElement\":[{\"@type\":\"ListItem\",\"position\":1,\"name\":\"Startseite\",\"item\":\"https:\/\/www.kruhlvonstrenge.de\/\"},{\"@type\":\"ListItem\",\"position\":2,\"name\":\"Branchen\",\"item\":\"https:\/\/www.kruhlvonstrenge.de\/branchen\/\"},{\"@type\":\"ListItem\",\"position\":3,\"name\":\"Immobilienwirtschaft\"}]},{\"@type\":\"WebSite\",\"@id\":\"https:\/\/www.kruhlvonstrenge.de\/#website\",\"url\":\"https:\/\/www.kruhlvonstrenge.de\/\",\"name\":\"Kruhl von Strenge\",\"description\":\"Rechtsanw\u00e4lte\",\"potentialAction\":[{\"@type\":\"SearchAction\",\"target\":{\"@type\":\"EntryPoint\",\"urlTemplate\":\"https:\/\/www.kruhlvonstrenge.de\/?s={search_term_string}\"},\"query-input\":\"required name=search_term_string\"}],\"inLanguage\":\"en-US\"}]}<\/script>\n<!-- \/ Yoast SEO plugin. -->","yoast_head_json":{"title":"Immobilienwirtschaft - Kruhl von Strenge","robots":{"index":"index","follow":"follow","max-snippet":"max-snippet:-1","max-image-preview":"max-image-preview:large","max-video-preview":"max-video-preview:-1"},"canonical":"https:\/\/www.kruhlvonstrenge.de\/en\/branchen\/immobilienwirtschaft\/","og_locale":"en_US","og_type":"article","og_title":"Immobilienwirtschaft - Kruhl von Strenge","og_url":"https:\/\/www.kruhlvonstrenge.de\/en\/branchen\/immobilienwirtschaft\/","og_site_name":"Kruhl von Strenge","article_modified_time":"2019-05-03T10:12:53+00:00","twitter_card":"summary_large_image","twitter_misc":{"Est. reading time":"1 minute"},"schema":{"@context":"https:\/\/schema.org","@graph":[{"@type":"WebPage","@id":"https:\/\/www.kruhlvonstrenge.de\/branchen\/immobilienwirtschaft\/","url":"https:\/\/www.kruhlvonstrenge.de\/branchen\/immobilienwirtschaft\/","name":"Immobilienwirtschaft - Kruhl von Strenge","isPartOf":{"@id":"https:\/\/www.kruhlvonstrenge.de\/#website"},"datePublished":"2018-10-15T15:01:53+00:00","dateModified":"2019-05-03T10:12:53+00:00","breadcrumb":{"@id":"https:\/\/www.kruhlvonstrenge.de\/branchen\/immobilienwirtschaft\/#breadcrumb"},"inLanguage":"en-US","potentialAction":[{"@type":"ReadAction","target":["https:\/\/www.kruhlvonstrenge.de\/branchen\/immobilienwirtschaft\/"]}]},{"@type":"BreadcrumbList","@id":"https:\/\/www.kruhlvonstrenge.de\/branchen\/immobilienwirtschaft\/#breadcrumb","itemListElement":[{"@type":"ListItem","position":1,"name":"Startseite","item":"https:\/\/www.kruhlvonstrenge.de\/"},{"@type":"ListItem","position":2,"name":"Branchen","item":"https:\/\/www.kruhlvonstrenge.de\/branchen\/"},{"@type":"ListItem","position":3,"name":"Immobilienwirtschaft"}]},{"@type":"WebSite","@id":"https:\/\/www.kruhlvonstrenge.de\/#website","url":"https:\/\/www.kruhlvonstrenge.de\/","name":"Kruhl von Strenge ensures legal security for your project success","description":"Rechtsanw\u00e4lte","potentialAction":[{"@type":"SearchAction","target":{"@type":"EntryPoint","urlTemplate":"https:\/\/www.kruhlvonstrenge.de\/?s={search_term_string}"},"query-input":"required name=search_term_string"}],"inLanguage":"en-US"}]}},"_links":{"self":[{"href":"https:\/\/www.kruhlvonstrenge.de\/en\/wp-json\/wp\/v2\/pages\/932"}],"collection":[{"href":"https:\/\/www.kruhlvonstrenge.de\/en\/wp-json\/wp\/v2\/pages"}],"about":[{"href":"https:\/\/www.kruhlvonstrenge.de\/en\/wp-json\/wp\/v2\/types\/page"}],"author":[{"embeddable":true,"href":"https:\/\/www.kruhlvonstrenge.de\/en\/wp-json\/wp\/v2\/users\/1"}],"replies":[{"embeddable":true,"href":"https:\/\/www.kruhlvonstrenge.de\/en\/wp-json\/wp\/v2\/comments?post=932"}],"version-history":[{"count":14,"href":"https:\/\/www.kruhlvonstrenge.de\/en\/wp-json\/wp\/v2\/pages\/932\/revisions"}],"predecessor-version":[{"id":1593,"href":"https:\/\/www.kruhlvonstrenge.de\/en\/wp-json\/wp\/v2\/pages\/932\/revisions\/1593"}],"up":[{"embeddable":true,"href":"https:\/\/www.kruhlvonstrenge.de\/en\/wp-json\/wp\/v2\/pages\/567"}],"wp:attachment":[{"href":"https:\/\/www.kruhlvonstrenge.de\/en\/wp-json\/wp\/v2\/media?parent=932"}],"curies":[{"name":"wp","href":"https:\/\/api.w.org\/{rel}","templated":true}]}}