{"id":929,"date":"2018-10-15T17:00:42","date_gmt":"2018-10-15T15:00:42","guid":{"rendered":"http:\/\/kvs-law.de\/?page_id=929"},"modified":"2019-05-03T12:34:25","modified_gmt":"2019-05-03T10:34:25","slug":"infrastruktur","status":"publish","type":"page","link":"https:\/\/www.kruhlvonstrenge.de\/en\/branchen\/infrastruktur\/","title":{"rendered":"Infrastructure"},"content":{"rendered":"<div      class=\"vc_row wpb_row section vc_row-fluid\" style=' text-align:left;'><div class=\"full_section_inner clearfix\"><div class=\"wpb_column vc_column_container vc_col-sm-12\"><div class=\"vc_column-inner\"><div class=\"wpb_wrapper\">\n\t<div class=\"wpb_single_image wpb_content_element vc_align_left  vc_custom_1556879663363\">\n\t\t<div class=\"wpb_wrapper\">\n\t\t\t\n\t\t\t<div class=\"vc_single_image-wrapper   vc_box_border_grey\"><img width=\"4000\" height=\"744\" src=\"https:\/\/www.kruhlvonstrenge.de\/wp-content\/uploads\/2019\/05\/kruhl-von-strenge-header-Infrastruktur.jpg\" class=\"vc_single_image-img attachment-full\" alt=\"\" loading=\"lazy\" title=\"kruhl-von-strenge-header-Infrastruktur\" srcset=\"https:\/\/www.kruhlvonstrenge.de\/wp-content\/uploads\/2019\/05\/kruhl-von-strenge-header-Infrastruktur.jpg 4000w, https:\/\/www.kruhlvonstrenge.de\/wp-content\/uploads\/2019\/05\/kruhl-von-strenge-header-Infrastruktur-300x56.jpg 300w, https:\/\/www.kruhlvonstrenge.de\/wp-content\/uploads\/2019\/05\/kruhl-von-strenge-header-Infrastruktur-768x143.jpg 768w, https:\/\/www.kruhlvonstrenge.de\/wp-content\/uploads\/2019\/05\/kruhl-von-strenge-header-Infrastruktur-1024x190.jpg 1024w, https:\/\/www.kruhlvonstrenge.de\/wp-content\/uploads\/2019\/05\/kruhl-von-strenge-header-Infrastruktur-700x130.jpg 700w\" sizes=\"(max-width: 4000px) 100vw, 4000px\" \/><\/div>\n\t\t<\/div>\n\t<\/div>\n<div class=\"separator  transparent\" style=\"margin-top: 80pxpx;\"><\/div>\n<\/div><\/div><\/div><\/div><\/div><div      class=\"vc_row wpb_row section vc_row-fluid  vc_custom_1539609177536 grid_section\" style=' text-align:left;'><div class=\"section_inner clearfix\"><div class='section_inner_margin clearfix'><div class=\"wpb_column vc_column_container vc_col-sm-4\"><div class=\"vc_column-inner\"><div class=\"wpb_wrapper\">\n\t<div class=\"wpb_text_column wpb_content_element\">\n\t\t<div class=\"wpb_wrapper\">\n\t\t\t<h1 class=\"translation-block\">Infra-<br>\nstructure<\/h1>\n\n\t\t<\/div> \n\t<\/div> <div class=\"separator  transparent\" style=\"margin-top: 20pxpx;\"><\/div>\n<\/div><\/div><\/div><div class=\"wpb_column vc_column_container vc_col-sm-8\"><div class=\"vc_column-inner\"><div class=\"wpb_wrapper\">\n\t<div class=\"wpb_text_column wpb_content_element  vc_custom_1539680597889\">\n\t\t<div class=\"wpb_wrapper\">\n\t\t\t<p>Kruhl von Strenge is frequently advising on projects related to the infrastructure sector. A particular focus is motorways, roads and bridges, harbours, airports, broadband networks as well as rail transport projects and local public transport. The special interests in the infrastructure sector, where government public services meet private entrepreneurship in a field regulated by public law is a special challenge for legal counsel. We are particularly skilled in this area and in addition to excellent legal expertise we can apply our vast project experience and market knowledge to these projects.<\/p>\n\n\t\t<\/div> \n\t<\/div> \n\t<div class=\"wpb_text_column wpb_content_element\">\n\t\t<div class=\"wpb_wrapper\">\n\t\t\t<p>Practice Areas: <a href=\"\/en\/rechtsgebiete\/oeffentliches-recht\/\">INFRASTRUCTURE<\/a>, <a href=\"\/en\/rechtsgebiete\/oeffentliches-recht\/\">PUBLIC LAW DUE DILIGENCE<\/a>, <a href=\"\/en\/rechtsgebiete\/oeffentliches-recht\/\">SECTOR PLANNING LAW<\/a>, <a href=\"\/en\/rechtsgebiete\/vergaberecht\/\">PUBLIC PROCUREMENT LAW<\/a>, <a href=\"\/en\/rechtsgebiete\/immobilienrecht\/\">REAL ESTATE LAW<\/a><\/p>\n\n\t\t<\/div> \n\t<\/div> <\/div><\/div><\/div><\/div><\/div><\/div>","protected":false},"excerpt":{"rendered":"INFRA- STRUKTUR Kruhl von Strenge ber\u00e4t st\u00e4ndig Projekte im Infrastruktursektor. Autobahnen, Stra\u00dfen und Br\u00fccken, H\u00e4fen, Flugh\u00e4fen, Breitbandnetze sowie Schienenverkehrsprojekte und \u00d6PNV stehen dabei besonders in unserem Fokus.\u00a0Die besondere Interessenlage im Infrastruktursektor, bei der staatliche Daseinsvorsorge mit privatwirtschaftlicher Unternehmerschaft in einem \u00f6ffentlich-rechtlich regulierten Umfeld zusammentrifft, stellt...","protected":false},"author":1,"featured_media":0,"parent":567,"menu_order":6,"comment_status":"closed","ping_status":"closed","template":"full_width.php","meta":[],"yoast_head":"<!-- This site is optimized with the Yoast SEO plugin v20.6 - https:\/\/yoast.com\/wordpress\/plugins\/seo\/ -->\n<title>Infrastruktur - Kruhl von Strenge<\/title>\n<meta name=\"robots\" content=\"index, follow, max-snippet:-1, max-image-preview:large, max-video-preview:-1\" \/>\n<link rel=\"canonical\" href=\"https:\/\/www.kruhlvonstrenge.de\/en\/branchen\/infrastruktur\/\" \/>\n<meta property=\"og:locale\" content=\"en_US\" \/>\n<meta property=\"og:type\" content=\"article\" \/>\n<meta property=\"og:title\" content=\"Infrastruktur - Kruhl von Strenge\" \/>\n<meta property=\"og:url\" content=\"https:\/\/www.kruhlvonstrenge.de\/en\/branchen\/infrastruktur\/\" \/>\n<meta property=\"og:site_name\" content=\"Kruhl von Strenge\" \/>\n<meta property=\"article:modified_time\" content=\"2019-05-03T10:34:25+00:00\" \/>\n<meta name=\"twitter:card\" content=\"summary_large_image\" \/>\n<meta name=\"twitter:label1\" content=\"Est. reading time\" \/>\n\t<meta name=\"twitter:data1\" content=\"1 minute\" \/>\n<script type=\"application\/ld+json\" class=\"yoast-schema-graph\">{\"@context\":\"https:\/\/schema.org\",\"@graph\":[{\"@type\":\"WebPage\",\"@id\":\"https:\/\/www.kruhlvonstrenge.de\/branchen\/infrastruktur\/\",\"url\":\"https:\/\/www.kruhlvonstrenge.de\/branchen\/infrastruktur\/\",\"name\":\"Infrastruktur - Kruhl von Strenge\",\"isPartOf\":{\"@id\":\"https:\/\/www.kruhlvonstrenge.de\/#website\"},\"datePublished\":\"2018-10-15T15:00:42+00:00\",\"dateModified\":\"2019-05-03T10:34:25+00:00\",\"breadcrumb\":{\"@id\":\"https:\/\/www.kruhlvonstrenge.de\/branchen\/infrastruktur\/#breadcrumb\"},\"inLanguage\":\"en-US\",\"potentialAction\":[{\"@type\":\"ReadAction\",\"target\":[\"https:\/\/www.kruhlvonstrenge.de\/branchen\/infrastruktur\/\"]}]},{\"@type\":\"BreadcrumbList\",\"@id\":\"https:\/\/www.kruhlvonstrenge.de\/branchen\/infrastruktur\/#breadcrumb\",\"itemListElement\":[{\"@type\":\"ListItem\",\"position\":1,\"name\":\"Startseite\",\"item\":\"https:\/\/www.kruhlvonstrenge.de\/\"},{\"@type\":\"ListItem\",\"position\":2,\"name\":\"Branchen\",\"item\":\"https:\/\/www.kruhlvonstrenge.de\/branchen\/\"},{\"@type\":\"ListItem\",\"position\":3,\"name\":\"Infrastruktur\"}]},{\"@type\":\"WebSite\",\"@id\":\"https:\/\/www.kruhlvonstrenge.de\/#website\",\"url\":\"https:\/\/www.kruhlvonstrenge.de\/\",\"name\":\"Kruhl von Strenge\",\"description\":\"Rechtsanw\u00e4lte\",\"potentialAction\":[{\"@type\":\"SearchAction\",\"target\":{\"@type\":\"EntryPoint\",\"urlTemplate\":\"https:\/\/www.kruhlvonstrenge.de\/?s={search_term_string}\"},\"query-input\":\"required name=search_term_string\"}],\"inLanguage\":\"en-US\"}]}<\/script>\n<!-- \/ Yoast SEO plugin. -->","yoast_head_json":{"title":"Infrastruktur - Kruhl von Strenge","robots":{"index":"index","follow":"follow","max-snippet":"max-snippet:-1","max-image-preview":"max-image-preview:large","max-video-preview":"max-video-preview:-1"},"canonical":"https:\/\/www.kruhlvonstrenge.de\/en\/branchen\/infrastruktur\/","og_locale":"en_US","og_type":"article","og_title":"Infrastruktur - Kruhl von Strenge","og_url":"https:\/\/www.kruhlvonstrenge.de\/en\/branchen\/infrastruktur\/","og_site_name":"Kruhl von Strenge","article_modified_time":"2019-05-03T10:34:25+00:00","twitter_card":"summary_large_image","twitter_misc":{"Est. reading time":"1 minute"},"schema":{"@context":"https:\/\/schema.org","@graph":[{"@type":"WebPage","@id":"https:\/\/www.kruhlvonstrenge.de\/branchen\/infrastruktur\/","url":"https:\/\/www.kruhlvonstrenge.de\/branchen\/infrastruktur\/","name":"Infrastruktur - Kruhl von Strenge","isPartOf":{"@id":"https:\/\/www.kruhlvonstrenge.de\/#website"},"datePublished":"2018-10-15T15:00:42+00:00","dateModified":"2019-05-03T10:34:25+00:00","breadcrumb":{"@id":"https:\/\/www.kruhlvonstrenge.de\/branchen\/infrastruktur\/#breadcrumb"},"inLanguage":"en-US","potentialAction":[{"@type":"ReadAction","target":["https:\/\/www.kruhlvonstrenge.de\/branchen\/infrastruktur\/"]}]},{"@type":"BreadcrumbList","@id":"https:\/\/www.kruhlvonstrenge.de\/branchen\/infrastruktur\/#breadcrumb","itemListElement":[{"@type":"ListItem","position":1,"name":"Startseite","item":"https:\/\/www.kruhlvonstrenge.de\/"},{"@type":"ListItem","position":2,"name":"Branchen","item":"https:\/\/www.kruhlvonstrenge.de\/branchen\/"},{"@type":"ListItem","position":3,"name":"Infrastruktur"}]},{"@type":"WebSite","@id":"https:\/\/www.kruhlvonstrenge.de\/#website","url":"https:\/\/www.kruhlvonstrenge.de\/","name":"Kruhl von Strenge ensures legal security for your project success","description":"Rechtsanw\u00e4lte","potentialAction":[{"@type":"SearchAction","target":{"@type":"EntryPoint","urlTemplate":"https:\/\/www.kruhlvonstrenge.de\/?s={search_term_string}"},"query-input":"required name=search_term_string"}],"inLanguage":"en-US"}]}},"_links":{"self":[{"href":"https:\/\/www.kruhlvonstrenge.de\/en\/wp-json\/wp\/v2\/pages\/929"}],"collection":[{"href":"https:\/\/www.kruhlvonstrenge.de\/en\/wp-json\/wp\/v2\/pages"}],"about":[{"href":"https:\/\/www.kruhlvonstrenge.de\/en\/wp-json\/wp\/v2\/types\/page"}],"author":[{"embeddable":true,"href":"https:\/\/www.kruhlvonstrenge.de\/en\/wp-json\/wp\/v2\/users\/1"}],"replies":[{"embeddable":true,"href":"https:\/\/www.kruhlvonstrenge.de\/en\/wp-json\/wp\/v2\/comments?post=929"}],"version-history":[{"count":9,"href":"https:\/\/www.kruhlvonstrenge.de\/en\/wp-json\/wp\/v2\/pages\/929\/revisions"}],"predecessor-version":[{"id":1601,"href":"https:\/\/www.kruhlvonstrenge.de\/en\/wp-json\/wp\/v2\/pages\/929\/revisions\/1601"}],"up":[{"embeddable":true,"href":"https:\/\/www.kruhlvonstrenge.de\/en\/wp-json\/wp\/v2\/pages\/567"}],"wp:attachment":[{"href":"https:\/\/www.kruhlvonstrenge.de\/en\/wp-json\/wp\/v2\/media?parent=929"}],"curies":[{"name":"wp","href":"https:\/\/api.w.org\/{rel}","templated":true}]}}