{"id":793,"date":"2018-10-15T09:52:20","date_gmt":"2018-10-15T07:52:20","guid":{"rendered":"http:\/\/kvs-law.de\/?page_id=793"},"modified":"2019-05-03T12:05:06","modified_gmt":"2019-05-03T10:05:06","slug":"immobilienrecht","status":"publish","type":"page","link":"https:\/\/www.kruhlvonstrenge.de\/en\/rechtsgebiete\/immobilienrecht\/","title":{"rendered":"Real Estate Law"},"content":{"rendered":"<div      class=\"vc_row wpb_row section vc_row-fluid \" style=' text-align:left;'><div class=\" full_section_inner clearfix\"><div class=\"wpb_column vc_column_container vc_col-sm-12\"><div class=\"vc_column-inner\"><div class=\"wpb_wrapper\">\n\t<div class=\"wpb_single_image wpb_content_element vc_align_left  vc_custom_1556877904728\">\n\t\t<div class=\"wpb_wrapper\">\n\t\t\t\n\t\t\t<div class=\"vc_single_image-wrapper   vc_box_border_grey\"><img width=\"4000\" height=\"744\" src=\"https:\/\/www.kruhlvonstrenge.de\/wp-content\/uploads\/2019\/05\/kruhl-von-strenge-header-Immobilienrecht.jpg\" class=\"vc_single_image-img attachment-full\" alt=\"\" loading=\"lazy\" title=\"kruhl-von-strenge-header-Immobilienrecht\" srcset=\"https:\/\/www.kruhlvonstrenge.de\/wp-content\/uploads\/2019\/05\/kruhl-von-strenge-header-Immobilienrecht.jpg 4000w, https:\/\/www.kruhlvonstrenge.de\/wp-content\/uploads\/2019\/05\/kruhl-von-strenge-header-Immobilienrecht-300x56.jpg 300w, https:\/\/www.kruhlvonstrenge.de\/wp-content\/uploads\/2019\/05\/kruhl-von-strenge-header-Immobilienrecht-768x143.jpg 768w, https:\/\/www.kruhlvonstrenge.de\/wp-content\/uploads\/2019\/05\/kruhl-von-strenge-header-Immobilienrecht-1024x190.jpg 1024w, https:\/\/www.kruhlvonstrenge.de\/wp-content\/uploads\/2019\/05\/kruhl-von-strenge-header-Immobilienrecht-700x130.jpg 700w\" sizes=\"(max-width: 4000px) 100vw, 4000px\" \/><\/div>\n\t\t<\/div>\n\t<\/div>\n<div class=\"separator  transparent   \" style=\"margin-top: 80pxpx;\"><\/div>\n<\/div><\/div><\/div><\/div><\/div><div      class=\"vc_row wpb_row section vc_row-fluid  vc_custom_1539609385168 grid_section\" style=' text-align:left;'><div class=\" section_inner clearfix\"><div class='section_inner_margin clearfix'><div class=\"wpb_column vc_column_container vc_col-sm-4\"><div class=\"vc_column-inner\"><div class=\"wpb_wrapper\">\n\t<div class=\"wpb_text_column wpb_content_element \">\n\t\t<div class=\"wpb_wrapper\">\n\t\t\t<h1>Immobilien-<br \/>\nrecht<\/h1>\n\n\t\t<\/div> \n\t<\/div> <div class=\"separator  transparent   \" style=\"margin-top: 10px;\"><\/div>\n<\/div><\/div><\/div><div class=\"wpb_column vc_column_container vc_col-sm-8\"><div class=\"vc_column-inner\"><div class=\"wpb_wrapper\">\n\t<div class=\"wpb_text_column wpb_content_element  vc_custom_1555073015427\">\n\t\t<div class=\"wpb_wrapper\">\n\t\t\t<p>Kruhl von Strenge ist spezialisiert auf Immobilienprojekte und Immobilientransaktionen. Wir beraten st\u00e4ndig Projektentwickler, Investoren und die \u00f6ffentliche Hand bei der Entwicklung, Errichtung, Finanzierung, Vermietung und dem An- und Verkauf von Immobilien.<\/p>\n\n\t\t<\/div> \n\t<\/div> <div class=\"separator  transparent   \" style=\"margin-top: 10px;\"><\/div>\n\n\t<div class=\"wpb_text_column wpb_content_element \">\n\t\t<div class=\"wpb_wrapper\">\n\t\t\t\t\t<style>\r\n\t#wps_accordion_pro_1335{\r\n\t\toverflow:hidden;\r\n\t\tdisplay:block;\r\n\t\twidth:100%;\r\n\t\tmargin-bottom:30px;\r\n\t}\r\n\t#accordion_pro_1335 .wpsm_panel-title {\r\n\t\tmargin-top: 0px !important;\r\n\t\tmargin-bottom: 0px !important;\r\n\t\tpadding-top: 0px !important;\r\n\t\tpadding-bottom: 0px !important;\r\n\t}\r\n\t\r\n\t#accordion_pro_1335 .wpsm_panel-title > a{\r\n\t\t\r\n\t\tborder-bottom: 0px !important;\r\n\t\ttext-decoration:none !important;\r\n\t\toutline: none !important;\r\n\t\tbox-shadow:none !important;\r\n\t}\r\n\t#accordion_pro_1335 .ac_title_icon{\r\n\t\tmargin-right:8px;\r\n\t\t\t\tdisplay:none;\r\n\t\t\t\t\r\n\t}\r\n\t\r\n\t\r\n\t\/* css files *\/\r\n\t#accordion_pro_1335 a:hover, #accordion_pro_1335 a:focus{\r\n    outline: none !important;\r\n    text-decoration: none !important;\r\n}\r\n#accordion_pro_1335 .wpsm_panel{\r\n   \tborder: 0px !important;\r\n\t    border-radius: 0px !important;\r\n    box-shadow: none !important;\r\n    margin-bottom: 3px !important;\r\n}\r\n#accordion_pro_1335 .wpsm_panel-heading{\r\n    padding: 0 !important;\r\n    border-radius: 0px !important;\r\n    \r\n}\r\n#accordion_pro_1335 .wpsm_panel-title > a{\r\n    display: block !important;\r\n\t    padding: 15px 15px 15px 50px !important;\r\n\t    position: relative !important;\r\n\ttransition:0.4s ease !important;\r\n    color:#000000 !important;\r\n    background:#ededed !important;\r\n\tfont-size: 15px !important;\r\n\tbox-shadow:none !important;\r\n\tline-height:1.5 !important;\r\n\tfont-weight:700 !important;\r\n}\r\n#accordion_pro_1335 .wpsm_panel-title > a > i{\r\n\tcolor:#000000 !important;\r\n}\r\n#accordion_pro_1335 .wpsm_panel-title > a > .ac_title_img_icon{\r\n    \twidth: 15px !important;\r\n\theight: 15px !important;\r\n\tvertical-align: middle !important;\r\n\tmargin-left: 0 !important;\r\n\tmargin-top: 0 !important;\r\n\tmargin-bottom: 0 !important;\r\n}\r\n\r\n#accordion_pro_1335 .wpsm_panel-title > a.collapsed{\r\n    background: #ededed !important;\r\n\tcolor: #000000 !important;\r\n}\r\n#accordion_pro_1335 .wpsm_panel-title > a.collapsed > i{\r\n    color: #000000 !important;\r\n}\r\n#accordion_pro_1335 .wpsm_panel-title > a:hover{\r\n   color:#000000 !important;\r\n    background:#ededed !important;\r\n}\r\n#accordion_pro_1335 .wpsm_panel-title > a:hover i{\r\n   color:#000000 !important;\r\n}\r\n#accordion_pro_1335 .wpsm_panel-title > a:after,\r\n#accordion_pro_1335 .wpsm_panel-title > a.collapsed:after{\r\n    content: \"\\f106\" !important;\r\n    font-family: FontAwesome !important;\r\n    color: #000000 !important;\r\n    font-size: 15px !important;\r\n    position: absolute !important;\r\n    top:calc(50% - 25px) !important;\r\n    left:0px !important;\r\n    padding: 14.5px !important;\r\n    line-height:16px !important;\r\n}\r\n#accordion_pro_1335 .wpsm_panel-title > a.collapsed:after{\r\n    content: \"\\f107\" !important;\r\n    color:#000000 !important;\r\n   transition: 0.4s ease !important;\r\n}\r\n#accordion_pro_1335 .wpsm_panel-title > a.collapsed:hover:after{\r\n    color:#000000 !important;\r\n}\r\n#accordion_pro_1335 .wpsm_panel-body{\r\n\tbackground:[AC_PRO id=1204] !important;\r\n\tcolor:#000000 !important;\r\n\tfont-size:15px !important;\r\n\tline-height: 25px !important;\r\n    \r\n    border-top: 1px solid #cccccc !important;\r\n}\r\n\r\n#accordion_pro_1335 .wpsm_panel-body p{\r\n\tcolor:#000000 !important;\r\n\tfont-size:15px !important;\r\n\tline-height: 25px !important;\r\n}\r\n\r\n\r\n\r\n\t\t#accordion_pro_1335 .wpsm_panel-title a, #accordion_pro_1335 .wpsm_panel-title a:hover, #accordion_pro_1335 .wpsm_panel-title a.collapsed, #accordion_pro_1335 .wpsm_panel-title a.collapsed:hover {\r\n\t\t\tbackground-image: none !important;\r\n\t\t}\r\n\t\t\t\r\n\t\/* open close icon option *\/\r\n\t\t\r\n\t#accordion_pro_1335 .wpsm_panel {\r\n\t\tbackground-color:transparent !important;\r\n\t\t\t\t\tmargin-bottom:10px !important;\r\n\t\t\t\tmargin-top:0px !important;\r\n\t}\r\n\t#accordion_pro_1335 .collapsing {\r\n\t\ttransition: height 0.6s;\r\n\t}\r\n\t#accordion_pro_1335 .wpsm_panel-body_inner{\r\n\t\toverflow:hidden;\r\n\t\tdisplay:block;\r\n\t\t\r\n\t}\r\n\t\r\n\t\t#accordion_pro_1335 .wpsm_panel-body{\r\n\t\tfont-family:Arial !important;\r\n\t}\r\n\t#accordion_pro_1335 .wpsm_panel-title a{\r\n\t\tfont-family:Arial !important;\r\n\t}\r\n\t\t\t\r\n\t\t\r\n\t#accordion_pro_1335 .wpsm_panel-title > a{ display: block !important; padding: 10px 10px 10px 50px !important; position: relative !important; transition:0.4s ease !important; color:#000000 !important; background:#ededed !important; font-size: 15px !important; box-shadow:none !important; line-height:1.5 !important; font-weight:700 !important; } #accordion_pro_1335 .wpsm_panel { background-color:transparent !important; margin-bottom:2px !important; margin-top:0px !important; }\t\r\n\t<\/style>\r\n\t<div id=\"wps_accordion_pro_1335\">\r\n\t\t<div class=\"wpsm_panel-group\" id=\"accordion_pro_1335\" role=\"tablist\" aria-multiselectable=\"true\">\r\n\t\t\t\t\t<div class=\"wpsm_panel panel wpsm_panel-default\" id=\"offset_1335_1\">\r\n\t\t\t\t\t<div class=\"wpsm_panel-heading\" role=\"tab\" id=\"heading_1335_1\">\r\n\t\t\t\t\t\t<h4 class=\"wpsm_panel-title\">\r\n\t\t\t\t\t\t\t<a  role=\"button\" class=collapsed data-toggle=\"collapse\" data-parent=\"#accordion_pro_1335\" href=\"#collapse_1335_1\" aria-expanded=\"true\" aria-controls=\"collapse_1335_1\">\r\n\t\t\t\t\t\t\t\t\t\t\t\t\t\t\t\t\t\t\t\t\t\t\t\t\t\t\t\t<i class=\"fa fa fa-laptop ac_title_icon\"><\/i> \t\t\t\t\t\t\t\tPROJEKTENTWICKLUNGEN\t\t\t\t\t\t\t\t\r\n\t\t\t\t\t\t\t<\/a>\r\n\t\t\t\t\t\t<\/h4>\r\n\t\t\t\t\t<\/div>\r\n\t\t\t\t\t<div id=\"collapse_1335_1\" class=\"wpsm_panel-collapse collapse \" role=\"tabwpsm_panel\" aria-labelledby=\"heading_1335_1\">\r\n\t\t\t\t\t\t<div class=\"wpsm_panel-body\">\r\n\t\t\t\t\t\t\t<div id=\"#wpsm_acc_desc_1335_1\" class=\"wpsm_panel-body_inner \"><p>Kruhl von Strenge ber\u00e4t Projektentwicklungen von dem Erwerb der Projektgrundst\u00fccke \u00fcber die Baurechtsschaffung bis zur wirtschaftlichen Verwertung der Immobilie. Als juristische Projektsteuerer regeln wir vorausschauend die rechtlichen Beziehungen zu den Projektbeteiligten. Unsere Beratung schafft einen besonderen Mehrwert f\u00fcr das Projekt und unseren Mandanten.<\/p>\r\n<p> <br \/><\/p>\r\n<p>Sektoren: <a href=\"\/sektoren\/immobilienwirtschaft\/\">IMMOBILIENWIRTSCHAFT<\/a>, <a href=\"\/sektoren\/oepp-projekte\/\">\u00d6PP-PROJEKTE<\/a>, <a href=\"\/sektoren\/public-sector\/\">PUBLIC SECTOR<\/a>, <a href=\"\/sektoren\/infrastruktur\/\">INFRASTRUKTUR<\/a>, <a href=\"\/sektoren\/health-care\/\">HEALTH CARE<\/a><\/p>\t\t\t\t\t\t\t<\/div>\r\n\t\t\t\t\t\t\t   \r\n\t\t\t\t\t\t<\/div>\r\n\t\t\t\t\t<\/div>\r\n\t\t\t\t\t\t\t\t\t\t\t\r\n\t\t\t\t<\/div>\r\n\t\t\t\t\t\t\t<div class=\"wpsm_panel panel wpsm_panel-default\" id=\"offset_1335_2\">\r\n\t\t\t\t\t<div class=\"wpsm_panel-heading\" role=\"tab\" id=\"heading_1335_2\">\r\n\t\t\t\t\t\t<h4 class=\"wpsm_panel-title\">\r\n\t\t\t\t\t\t\t<a  role=\"button\" class=collapsed data-toggle=\"collapse\" data-parent=\"#accordion_pro_1335\" href=\"#collapse_1335_2\" aria-expanded=\"true\" aria-controls=\"collapse_1335_2\">\r\n\t\t\t\t\t\t\t\t\t\t\t\t\t\t\t\t\t\t\t\t\t\t\t\t\t\t\t\t<i class=\"fa fa fa-laptop ac_title_icon\"><\/i> \t\t\t\t\t\t\t\tIMMOBILIENTRANSAKTIONEN\t\t\t\t\t\t\t\t\r\n\t\t\t\t\t\t\t<\/a>\r\n\t\t\t\t\t\t<\/h4>\r\n\t\t\t\t\t<\/div>\r\n\t\t\t\t\t<div id=\"collapse_1335_2\" class=\"wpsm_panel-collapse collapse \" role=\"tabwpsm_panel\" aria-labelledby=\"heading_1335_2\">\r\n\t\t\t\t\t\t<div class=\"wpsm_panel-body\">\r\n\t\t\t\t\t\t\t<div id=\"#wpsm_acc_desc_1335_2\" class=\"wpsm_panel-body_inner \"><p>Immobilientransaktionen stehen im Zentrum der Beratungskompetenz und Erfahrung von Kruhl von Strenge. Wir haben gro\u00dfe Erfahrung bei der Strukturierung von Transaktionsprozessen, der Due Diligence sowie der Erstellung und Verhandlung von Grundst\u00fcckskaufvertr\u00e4gen. Bei den Kaufvertragsverhandlungen sind wir starke Verhandlungspartner an der Seite unserer Mandanten.<\/p>\r\n<p> <br \/><\/p>\r\n<p>Sektoren: <a href=\"\/sektoren\/immobilienwirtschaft\/\">IMMOBILIENWIRTSCHAFT<\/a>, <a href=\"\/sektoren\/oepp-projekte\/\">\u00d6PP-PROJEKTE<\/a>, <a href=\"\/sektoren\/public-sector\/\">PUBLIC SECTOR<\/a>, <a href=\"\/sektoren\/infrastruktur\/\">INFRASTRUKTUR<\/a>, <a href=\"\/sektoren\/health-care\/\">HEALTH CARE<\/a><\/p>\t\t\t\t\t\t\t<\/div>\r\n\t\t\t\t\t\t\t   \r\n\t\t\t\t\t\t<\/div>\r\n\t\t\t\t\t<\/div>\r\n\t\t\t\t\t\t\t\t\t\t\t\r\n\t\t\t\t<\/div>\r\n\t\t\t\t\t\t\t<div class=\"wpsm_panel panel wpsm_panel-default\" id=\"offset_1335_3\">\r\n\t\t\t\t\t<div class=\"wpsm_panel-heading\" role=\"tab\" id=\"heading_1335_3\">\r\n\t\t\t\t\t\t<h4 class=\"wpsm_panel-title\">\r\n\t\t\t\t\t\t\t<a  role=\"button\" class=collapsed data-toggle=\"collapse\" data-parent=\"#accordion_pro_1335\" href=\"#collapse_1335_3\" aria-expanded=\"true\" aria-controls=\"collapse_1335_3\">\r\n\t\t\t\t\t\t\t\t\t\t\t\t\t\t\t\t\t\t\t\t\t\t\t\t\t\t\t\t<i class=\"fa fa fa-laptop ac_title_icon\"><\/i> \t\t\t\t\t\t\t\tGEWERBLICHES MIETRECHT\t\t\t\t\t\t\t\t\r\n\t\t\t\t\t\t\t<\/a>\r\n\t\t\t\t\t\t<\/h4>\r\n\t\t\t\t\t<\/div>\r\n\t\t\t\t\t<div id=\"collapse_1335_3\" class=\"wpsm_panel-collapse collapse \" role=\"tabwpsm_panel\" aria-labelledby=\"heading_1335_3\">\r\n\t\t\t\t\t\t<div class=\"wpsm_panel-body\">\r\n\t\t\t\t\t\t\t<div id=\"#wpsm_acc_desc_1335_3\" class=\"wpsm_panel-body_inner \"><p>Das gewerbliche Mietrecht z\u00e4hlt zu unseren Kernkompetenzen. Gleich ob ein Mietvertrag f\u00fcr eine B\u00fcro-, Co-Working-, Einzelhandels-, Hotel- oder Gastronomiefl\u00e4che oder ein Mietvertrag f\u00fcr eine Kita, eine Sozial-, Pflege- oder Gesundheitseinrichtung oder ein Mietvertrag f\u00fcr eine Rechtsanwalts- oder Wirtschaftspr\u00fcfergesellschaft oder ein Mietvertrag f\u00fcr eine Industrie- oder Hafenfl\u00e4che ben\u00f6tigt wird, wir haben alle Arten von Mietvertr\u00e4gen schon oft entworfen und verhandelt.<\/p>\r\n<p style=\"border: 0px; margin: 0px; padding: 0px; vertical-align: baseline; outline: 0px; color: #3a3a3a; font-family: Cantarell, sans-serif; font-size: 15px; line-height: 24px; background-position: 0px 0px;\">\u00a0<\/p>\r\n<p>Nahezu t\u00e4glich erstellen wir Mietvertr\u00e4ge, Nachtr\u00e4ge zu Mietvertr\u00e4gen oder beraten zu Mietvertr\u00e4gen im Zusammenhang mit den von uns betreuten Projektentwicklungen und Transaktionen.<\/p>\r\n<p style=\"border: 0px; margin: 0px; padding: 0px; vertical-align: baseline; outline: 0px; color: #3a3a3a; font-family: Cantarell, sans-serif; font-size: 15px; line-height: 24px; background-position: 0px 0px;\">\u00a0<\/p>\r\n<p>Sektoren:\u00a0<\/span><a href=\"\/sektoren\/immobilienwirtschaft\/\">IMMOBILIENWIRTSCHAFT<\/a>, <a href=\"\/sektoren\/oepp-projekte\/\">\u00d6PP-PROJEKTE<\/a>, <a href=\"\/sektoren\/public-sector\/\">PUBLIC SECTOR<\/a>, <a href=\"\/sektoren\/infrastruktur\/\">INFRASTRUKTUR<\/a>, <a href=\"\/sektoren\/health-care\/\">HEALTH CARE<\/a><\/span><\/span><\/p>\t\t\t\t\t\t\t<\/div>\r\n\t\t\t\t\t\t\t   \r\n\t\t\t\t\t\t<\/div>\r\n\t\t\t\t\t<\/div>\r\n\t\t\t\t\t\t\t\t\t\t\t\r\n\t\t\t\t<\/div>\r\n\t\t\t\t\t\t\t<div class=\"wpsm_panel panel wpsm_panel-default\" id=\"offset_1335_4\">\r\n\t\t\t\t\t<div class=\"wpsm_panel-heading\" role=\"tab\" id=\"heading_1335_4\">\r\n\t\t\t\t\t\t<h4 class=\"wpsm_panel-title\">\r\n\t\t\t\t\t\t\t<a  role=\"button\" class=collapsed data-toggle=\"collapse\" data-parent=\"#accordion_pro_1335\" href=\"#collapse_1335_4\" aria-expanded=\"true\" aria-controls=\"collapse_1335_4\">\r\n\t\t\t\t\t\t\t\t\t\t\t\t\t\t\t\t\t\t\t\t\t\t\t\t\t\t\t\t<i class=\"fa fa fa-laptop ac_title_icon\"><\/i> \t\t\t\t\t\t\t\tBAU- UND ARCHITEKTENRECHT\t\t\t\t\t\t\t\t\r\n\t\t\t\t\t\t\t<\/a>\r\n\t\t\t\t\t\t<\/h4>\r\n\t\t\t\t\t<\/div>\r\n\t\t\t\t\t<div id=\"collapse_1335_4\" class=\"wpsm_panel-collapse collapse \" role=\"tabwpsm_panel\" aria-labelledby=\"heading_1335_4\">\r\n\t\t\t\t\t\t<div class=\"wpsm_panel-body\">\r\n\t\t\t\t\t\t\t<div id=\"#wpsm_acc_desc_1335_4\" class=\"wpsm_panel-body_inner \"><p>Kruhl von Strenge ber\u00e4t Auftraggeber beim Abschluss von Planer- und Bauvertr\u00e4gen. Wir \u00fcbernehmen die Vertragsgestaltung und sorgen f\u00fcr die Durchsetzung der vertraglichen Vereinbarungen. Kommt es mit einem Auftragnehmer zum Streit, setzen wir die Rechtsposition unseres Mandanten konsequent durch.<\/p>\r\n<p> <br \/><\/p>\r\n<p>Sektoren: <a href=\"\/sektoren\/immobilienwirtschaft\/\">IMMOBILIENWIRTSCHAFT<\/a>, <a href=\"\/sektoren\/oepp-projekte\/\">\u00d6PP-PROJEKTE<\/a>, <a href=\"\/sektoren\/public-sector\/\">PUBLIC SECTOR<\/a>, <a href=\"\/sektoren\/infrastruktur\/\">INFRASTRUKTUR<\/a><\/p>\t\t\t\t\t\t\t<\/div>\r\n\t\t\t\t\t\t\t   \r\n\t\t\t\t\t\t<\/div>\r\n\t\t\t\t\t<\/div>\r\n\t\t\t\t\t\t\t\t\t\t\t\r\n\t\t\t\t<\/div>\r\n\t\t\t\t\t\t\t<div class=\"wpsm_panel panel wpsm_panel-default\" id=\"offset_1335_5\">\r\n\t\t\t\t\t<div class=\"wpsm_panel-heading\" role=\"tab\" id=\"heading_1335_5\">\r\n\t\t\t\t\t\t<h4 class=\"wpsm_panel-title\">\r\n\t\t\t\t\t\t\t<a  role=\"button\" class=collapsed data-toggle=\"collapse\" data-parent=\"#accordion_pro_1335\" href=\"#collapse_1335_5\" aria-expanded=\"true\" aria-controls=\"collapse_1335_5\">\r\n\t\t\t\t\t\t\t\t\t\t\t\t\t\t\t\t\t\t\t\t\t\t\t\t\t\t\t\t<i class=\"fa fa fa-laptop ac_title_icon\"><\/i> \t\t\t\t\t\t\t\tPROJEKT- UND IMMOBILIENFINANZIERUNG\t\t\t\t\t\t\t\t\r\n\t\t\t\t\t\t\t<\/a>\r\n\t\t\t\t\t\t<\/h4>\r\n\t\t\t\t\t<\/div>\r\n\t\t\t\t\t<div id=\"collapse_1335_5\" class=\"wpsm_panel-collapse collapse \" role=\"tabwpsm_panel\" aria-labelledby=\"heading_1335_5\">\r\n\t\t\t\t\t\t<div class=\"wpsm_panel-body\">\r\n\t\t\t\t\t\t\t<div id=\"#wpsm_acc_desc_1335_5\" class=\"wpsm_panel-body_inner \"><p>Kruhl von Strenge ber\u00e4t Banken, Immobiliengesellschaften und die \u00f6ffentliche Hand bei komplexen Immobilienfinanzierungen im Zusammenhang mit Projektentwicklungen, Immobilienank\u00e4ufen und PPP-Projekten. Wir erstellen die Darlehens- und Sicherheitenvertr\u00e4ge und pr\u00fcfen die Erf\u00fcllung der Auszahlungsvoraussetzungen bis zur Auszahlung des Darlehens.<\/p>\r\n<p style=\"border: 0px; margin: 0px; padding: 0px; vertical-align: baseline; outline: 0px; color: #3a3a3a; font-family: Cantarell, sans-serif; font-size: 15px; line-height: 24px; background-position: 0px 0px;\">\u00a0<\/p>\r\n<p>Bei PPP-Projekten beraten wir bei der Erstellung der Finanzierungsstruktur, formulieren die Finanzierungsvertr\u00e4ge (Forfaitierungsvertrag, Einredeverzichtserkl\u00e4rung etc.) und verzahnen diese mit den weiteren Projektvertr\u00e4gen.<\/p>\r\n<p style=\"border: 0px; margin: 0px; padding: 0px; vertical-align: baseline; outline: 0px; color: #3a3a3a; font-family: Cantarell, sans-serif; font-size: 15px; line-height: 24px; background-position: 0px 0px;\">\u00a0<\/p>\r\n<p>Sektoren:\u00a0<\/span><a href=\"\/sektoren\/immobilienwirtschaft\/\">IMMOBILIENWIRTSCHAFT<\/a>, <a href=\"\/sektoren\/oepp-projekte\/\">\u00d6PP-PROJEKTE<\/a>, <a href=\"\/sektoren\/public-sector\/\">PUBLIC SECTOR<\/a>, <a href=\"\/sektoren\/infrastruktur\/\">INFRASTRUKTUR<\/a><\/span><\/span><\/p>\t\t\t\t\t\t\t<\/div>\r\n\t\t\t\t\t\t\t   \r\n\t\t\t\t\t\t<\/div>\r\n\t\t\t\t\t<\/div>\r\n\t\t\t\t\t\t\t\t\t\t\t\r\n\t\t\t\t<\/div>\r\n\t\t\t\t\r\n<\/div>\r\n\t<\/div>\r\n\t\r\n\t\t\n\n\t\t<\/div> \n\t<\/div> <\/div><\/div><\/div><\/div><\/div><\/div>\n","protected":false},"excerpt":{"rendered":"","protected":false},"author":1,"featured_media":0,"parent":623,"menu_order":3,"comment_status":"closed","ping_status":"closed","template":"full_width.php","meta":[],"yoast_head":"<!-- This site is optimized with the Yoast SEO plugin v20.6 - https:\/\/yoast.com\/wordpress\/plugins\/seo\/ -->\n<title>Immobilienrecht - Kruhl von Strenge<\/title>\n<meta name=\"robots\" content=\"index, follow, max-snippet:-1, max-image-preview:large, max-video-preview:-1\" \/>\n<link rel=\"canonical\" href=\"https:\/\/www.kruhlvonstrenge.de\/en\/rechtsgebiete\/immobilienrecht\/\" \/>\n<meta property=\"og:locale\" content=\"en_US\" \/>\n<meta property=\"og:type\" content=\"article\" \/>\n<meta property=\"og:title\" content=\"Immobilienrecht - Kruhl von Strenge\" \/>\n<meta property=\"og:url\" content=\"https:\/\/www.kruhlvonstrenge.de\/en\/rechtsgebiete\/immobilienrecht\/\" \/>\n<meta property=\"og:site_name\" content=\"Kruhl von Strenge\" \/>\n<meta property=\"article:modified_time\" content=\"2019-05-03T10:05:06+00:00\" \/>\n<meta name=\"twitter:card\" content=\"summary_large_image\" \/>\n<meta name=\"twitter:label1\" content=\"Est. reading time\" \/>\n\t<meta name=\"twitter:data1\" content=\"1 minute\" \/>\n<script type=\"application\/ld+json\" class=\"yoast-schema-graph\">{\"@context\":\"https:\/\/schema.org\",\"@graph\":[{\"@type\":\"WebPage\",\"@id\":\"https:\/\/www.kruhlvonstrenge.de\/rechtsgebiete\/immobilienrecht\/\",\"url\":\"https:\/\/www.kruhlvonstrenge.de\/rechtsgebiete\/immobilienrecht\/\",\"name\":\"Immobilienrecht - Kruhl von Strenge\",\"isPartOf\":{\"@id\":\"https:\/\/www.kruhlvonstrenge.de\/#website\"},\"datePublished\":\"2018-10-15T07:52:20+00:00\",\"dateModified\":\"2019-05-03T10:05:06+00:00\",\"breadcrumb\":{\"@id\":\"https:\/\/www.kruhlvonstrenge.de\/rechtsgebiete\/immobilienrecht\/#breadcrumb\"},\"inLanguage\":\"en-US\",\"potentialAction\":[{\"@type\":\"ReadAction\",\"target\":[\"https:\/\/www.kruhlvonstrenge.de\/rechtsgebiete\/immobilienrecht\/\"]}]},{\"@type\":\"BreadcrumbList\",\"@id\":\"https:\/\/www.kruhlvonstrenge.de\/rechtsgebiete\/immobilienrecht\/#breadcrumb\",\"itemListElement\":[{\"@type\":\"ListItem\",\"position\":1,\"name\":\"Startseite\",\"item\":\"https:\/\/www.kruhlvonstrenge.de\/\"},{\"@type\":\"ListItem\",\"position\":2,\"name\":\"Rechtsgebiete\",\"item\":\"https:\/\/www.kruhlvonstrenge.de\/rechtsgebiete\/\"},{\"@type\":\"ListItem\",\"position\":3,\"name\":\"Immobilienrecht\"}]},{\"@type\":\"WebSite\",\"@id\":\"https:\/\/www.kruhlvonstrenge.de\/#website\",\"url\":\"https:\/\/www.kruhlvonstrenge.de\/\",\"name\":\"Kruhl von Strenge\",\"description\":\"Rechtsanw\u00e4lte\",\"potentialAction\":[{\"@type\":\"SearchAction\",\"target\":{\"@type\":\"EntryPoint\",\"urlTemplate\":\"https:\/\/www.kruhlvonstrenge.de\/?s={search_term_string}\"},\"query-input\":\"required name=search_term_string\"}],\"inLanguage\":\"en-US\"}]}<\/script>\n<!-- \/ Yoast SEO plugin. -->","yoast_head_json":{"title":"Immobilienrecht - Kruhl von Strenge","robots":{"index":"index","follow":"follow","max-snippet":"max-snippet:-1","max-image-preview":"max-image-preview:large","max-video-preview":"max-video-preview:-1"},"canonical":"https:\/\/www.kruhlvonstrenge.de\/en\/rechtsgebiete\/immobilienrecht\/","og_locale":"en_US","og_type":"article","og_title":"Immobilienrecht - Kruhl von Strenge","og_url":"https:\/\/www.kruhlvonstrenge.de\/en\/rechtsgebiete\/immobilienrecht\/","og_site_name":"Kruhl von Strenge","article_modified_time":"2019-05-03T10:05:06+00:00","twitter_card":"summary_large_image","twitter_misc":{"Est. reading time":"1 minute"},"schema":{"@context":"https:\/\/schema.org","@graph":[{"@type":"WebPage","@id":"https:\/\/www.kruhlvonstrenge.de\/rechtsgebiete\/immobilienrecht\/","url":"https:\/\/www.kruhlvonstrenge.de\/rechtsgebiete\/immobilienrecht\/","name":"Immobilienrecht - Kruhl von Strenge","isPartOf":{"@id":"https:\/\/www.kruhlvonstrenge.de\/#website"},"datePublished":"2018-10-15T07:52:20+00:00","dateModified":"2019-05-03T10:05:06+00:00","breadcrumb":{"@id":"https:\/\/www.kruhlvonstrenge.de\/rechtsgebiete\/immobilienrecht\/#breadcrumb"},"inLanguage":"en-US","potentialAction":[{"@type":"ReadAction","target":["https:\/\/www.kruhlvonstrenge.de\/rechtsgebiete\/immobilienrecht\/"]}]},{"@type":"BreadcrumbList","@id":"https:\/\/www.kruhlvonstrenge.de\/rechtsgebiete\/immobilienrecht\/#breadcrumb","itemListElement":[{"@type":"ListItem","position":1,"name":"Startseite","item":"https:\/\/www.kruhlvonstrenge.de\/"},{"@type":"ListItem","position":2,"name":"Rechtsgebiete","item":"https:\/\/www.kruhlvonstrenge.de\/rechtsgebiete\/"},{"@type":"ListItem","position":3,"name":"Immobilienrecht"}]},{"@type":"WebSite","@id":"https:\/\/www.kruhlvonstrenge.de\/#website","url":"https:\/\/www.kruhlvonstrenge.de\/","name":"Kruhl von Strenge ensures legal security for your project success","description":"Rechtsanw\u00e4lte","potentialAction":[{"@type":"SearchAction","target":{"@type":"EntryPoint","urlTemplate":"https:\/\/www.kruhlvonstrenge.de\/?s={search_term_string}"},"query-input":"required name=search_term_string"}],"inLanguage":"en-US"}]}},"_links":{"self":[{"href":"https:\/\/www.kruhlvonstrenge.de\/en\/wp-json\/wp\/v2\/pages\/793"}],"collection":[{"href":"https:\/\/www.kruhlvonstrenge.de\/en\/wp-json\/wp\/v2\/pages"}],"about":[{"href":"https:\/\/www.kruhlvonstrenge.de\/en\/wp-json\/wp\/v2\/types\/page"}],"author":[{"embeddable":true,"href":"https:\/\/www.kruhlvonstrenge.de\/en\/wp-json\/wp\/v2\/users\/1"}],"replies":[{"embeddable":true,"href":"https:\/\/www.kruhlvonstrenge.de\/en\/wp-json\/wp\/v2\/comments?post=793"}],"version-history":[{"count":12,"href":"https:\/\/www.kruhlvonstrenge.de\/en\/wp-json\/wp\/v2\/pages\/793\/revisions"}],"predecessor-version":[{"id":1587,"href":"https:\/\/www.kruhlvonstrenge.de\/en\/wp-json\/wp\/v2\/pages\/793\/revisions\/1587"}],"up":[{"embeddable":true,"href":"https:\/\/www.kruhlvonstrenge.de\/en\/wp-json\/wp\/v2\/pages\/623"}],"wp:attachment":[{"href":"https:\/\/www.kruhlvonstrenge.de\/en\/wp-json\/wp\/v2\/media?parent=793"}],"curies":[{"name":"wp","href":"https:\/\/api.w.org\/{rel}","templated":true}]}}