{"id":789,"date":"2018-10-15T09:37:14","date_gmt":"2018-10-15T07:37:14","guid":{"rendered":"http:\/\/kvs-law.de\/?page_id=789"},"modified":"2019-05-03T12:04:36","modified_gmt":"2019-05-03T10:04:36","slug":"vergaberecht","status":"publish","type":"page","link":"https:\/\/www.kruhlvonstrenge.de\/en\/rechtsgebiete\/vergaberecht\/","title":{"rendered":"Public Procurement Law"},"content":{"rendered":"<div      class=\"vc_row wpb_row section vc_row-fluid\" style=' text-align:left;'><div class=\"full_section_inner clearfix\"><div class=\"wpb_column vc_column_container vc_col-sm-12\"><div class=\"vc_column-inner\"><div class=\"wpb_wrapper\">\n\t<div class=\"wpb_single_image wpb_content_element vc_align_left  vc_custom_1556877874818\">\n\t\t<div class=\"wpb_wrapper\">\n\t\t\t\n\t\t\t<div class=\"vc_single_image-wrapper   vc_box_border_grey\"><img width=\"4000\" height=\"744\" src=\"https:\/\/www.kruhlvonstrenge.de\/wp-content\/uploads\/2019\/05\/kruhl-von-strenge-header-Vergaberecht.jpg\" class=\"vc_single_image-img attachment-full\" alt=\"\" loading=\"lazy\" title=\"kruhl-von-strenge-header-Vergaberecht\" srcset=\"https:\/\/www.kruhlvonstrenge.de\/wp-content\/uploads\/2019\/05\/kruhl-von-strenge-header-Vergaberecht.jpg 4000w, https:\/\/www.kruhlvonstrenge.de\/wp-content\/uploads\/2019\/05\/kruhl-von-strenge-header-Vergaberecht-300x56.jpg 300w, https:\/\/www.kruhlvonstrenge.de\/wp-content\/uploads\/2019\/05\/kruhl-von-strenge-header-Vergaberecht-768x143.jpg 768w, https:\/\/www.kruhlvonstrenge.de\/wp-content\/uploads\/2019\/05\/kruhl-von-strenge-header-Vergaberecht-1024x190.jpg 1024w, https:\/\/www.kruhlvonstrenge.de\/wp-content\/uploads\/2019\/05\/kruhl-von-strenge-header-Vergaberecht-700x130.jpg 700w\" sizes=\"(max-width: 4000px) 100vw, 4000px\" \/><\/div>\n\t\t<\/div>\n\t<\/div>\n<div class=\"separator  transparent\" style=\"margin-top: 80pxpx;\"><\/div>\n<\/div><\/div><\/div><\/div><\/div><div      class=\"vc_row wpb_row section vc_row-fluid  vc_custom_1539609224833 grid_section\" style=' text-align:left;'><div class=\"section_inner clearfix\"><div class='section_inner_margin clearfix'><div class=\"wpb_column vc_column_container vc_col-sm-4\"><div class=\"vc_column-inner\"><div class=\"wpb_wrapper\">\n\t<div class=\"wpb_text_column wpb_content_element\">\n\t\t<div class=\"wpb_wrapper\">\n\t\t\t<h1 class=\"translation-block\">Public Procurement<br>Law<\/h1>\n\n\t\t<\/div> \n\t<\/div> <div class=\"separator  transparent\" style=\"margin-top: 20pxpx;\"><\/div>\n<\/div><\/div><\/div><div class=\"wpb_column vc_column_container vc_col-sm-8\"><div class=\"vc_column-inner\"><div class=\"wpb_wrapper\">\n\t<div class=\"wpb_text_column wpb_content_element  vc_custom_1539610990162\">\n\t\t<div class=\"wpb_wrapper\">\n\t\t\t<p>Kruhl von Strenge provides comprehensive advice on public procurement law. We advise principals in all types of tendering procedure. We structure the tendering procedure with our clients and draw up bidding documents. After this we provide solid support for our clients throughout the procurement process. In the tendering procedure we routinely also support private companies. We support these as the tenderer along the way to a compliant tender, whether with a full review of the tender, or answering specific questions.<\/p>\n<p>&nbsp;<\/p>\n<p>We represent our clients in procurement review proceedings and with enforcing other legal remedies. We further apply our expertise in public procurement law to M&amp;A and real estate transactions. Public procurement law is often an important part of the major infrastructure and real estate projects we advise on. Apart from formal public procurement law we routinely also advise on tenders based on EU state aid law and budget law.<\/p>\n\n\t\t<\/div> \n\t<\/div> \n\t<div class=\"wpb_text_column wpb_content_element  vc_custom_1550584879179\">\n\t\t<div class=\"wpb_wrapper\">\n\t\t\t<p>Sectors: <a href=\"\/en\/sektoren\/immobilienwirtschaft\/\">REAL ESTATE<\/a>, <a href=\"\/en\/sektoren\/oepp-projekte\/\">PPP PROJECTS<\/a>, <a href=\"\/en\/sektoren\/health-care\/\">HEALTH CARE<\/a>, <a href=\"\/en\/sektoren\/public-sector\/\">PUBLIC SECTOR<\/a>, <a href=\"\/en\/sektoren\/infrastruktur\/\">INFRASTRUCTURE<\/a>, <a href=\"\/en\/sektoren\/telekommunikation-und-medien\/\">TELECOMMUNICATIONS AND MEDIA<\/a><\/p>\n\n\t\t<\/div> \n\t<\/div> <\/div><\/div><\/div><\/div><\/div><\/div>","protected":false},"excerpt":{"rendered":"Vergabe- recht Kruhl von Strenge ber\u00e4t umfassend zum Vergaberecht. Wir beraten Auftraggeber in allen Arten von Vergabeverfahren. Wir strukturieren die Vergabeverfahren mit unseren Mandanten und entwerfen Vergabeunterlagen. Anschlie\u00dfend begleiten wir unsere Mandanten sicher durch die Verfahren. In Vergabeverfahren begleiten wir regelm\u00e4\u00dfig auch private Unternehmen. Diese...","protected":false},"author":1,"featured_media":0,"parent":623,"menu_order":2,"comment_status":"closed","ping_status":"closed","template":"full_width.php","meta":[],"yoast_head":"<!-- This site is optimized with the Yoast SEO plugin v20.6 - https:\/\/yoast.com\/wordpress\/plugins\/seo\/ -->\n<title>Vergaberecht - Kruhl von Strenge<\/title>\n<meta name=\"robots\" content=\"index, follow, max-snippet:-1, max-image-preview:large, max-video-preview:-1\" \/>\n<link rel=\"canonical\" href=\"https:\/\/www.kruhlvonstrenge.de\/en\/rechtsgebiete\/vergaberecht\/\" \/>\n<meta property=\"og:locale\" content=\"en_US\" \/>\n<meta property=\"og:type\" content=\"article\" \/>\n<meta property=\"og:title\" content=\"Vergaberecht - Kruhl von Strenge\" \/>\n<meta property=\"og:url\" content=\"https:\/\/www.kruhlvonstrenge.de\/en\/rechtsgebiete\/vergaberecht\/\" \/>\n<meta property=\"og:site_name\" content=\"Kruhl von Strenge\" \/>\n<meta property=\"article:modified_time\" content=\"2019-05-03T10:04:36+00:00\" \/>\n<meta name=\"twitter:card\" content=\"summary_large_image\" \/>\n<meta name=\"twitter:label1\" content=\"Est. reading time\" \/>\n\t<meta name=\"twitter:data1\" content=\"1 minute\" \/>\n<script type=\"application\/ld+json\" class=\"yoast-schema-graph\">{\"@context\":\"https:\/\/schema.org\",\"@graph\":[{\"@type\":\"WebPage\",\"@id\":\"https:\/\/www.kruhlvonstrenge.de\/rechtsgebiete\/vergaberecht\/\",\"url\":\"https:\/\/www.kruhlvonstrenge.de\/rechtsgebiete\/vergaberecht\/\",\"name\":\"Vergaberecht - Kruhl von Strenge\",\"isPartOf\":{\"@id\":\"https:\/\/www.kruhlvonstrenge.de\/#website\"},\"datePublished\":\"2018-10-15T07:37:14+00:00\",\"dateModified\":\"2019-05-03T10:04:36+00:00\",\"breadcrumb\":{\"@id\":\"https:\/\/www.kruhlvonstrenge.de\/rechtsgebiete\/vergaberecht\/#breadcrumb\"},\"inLanguage\":\"en-US\",\"potentialAction\":[{\"@type\":\"ReadAction\",\"target\":[\"https:\/\/www.kruhlvonstrenge.de\/rechtsgebiete\/vergaberecht\/\"]}]},{\"@type\":\"BreadcrumbList\",\"@id\":\"https:\/\/www.kruhlvonstrenge.de\/rechtsgebiete\/vergaberecht\/#breadcrumb\",\"itemListElement\":[{\"@type\":\"ListItem\",\"position\":1,\"name\":\"Startseite\",\"item\":\"https:\/\/www.kruhlvonstrenge.de\/\"},{\"@type\":\"ListItem\",\"position\":2,\"name\":\"Rechtsgebiete\",\"item\":\"https:\/\/www.kruhlvonstrenge.de\/rechtsgebiete\/\"},{\"@type\":\"ListItem\",\"position\":3,\"name\":\"Vergaberecht\"}]},{\"@type\":\"WebSite\",\"@id\":\"https:\/\/www.kruhlvonstrenge.de\/#website\",\"url\":\"https:\/\/www.kruhlvonstrenge.de\/\",\"name\":\"Kruhl von Strenge\",\"description\":\"Rechtsanw\u00e4lte\",\"potentialAction\":[{\"@type\":\"SearchAction\",\"target\":{\"@type\":\"EntryPoint\",\"urlTemplate\":\"https:\/\/www.kruhlvonstrenge.de\/?s={search_term_string}\"},\"query-input\":\"required name=search_term_string\"}],\"inLanguage\":\"en-US\"}]}<\/script>\n<!-- \/ Yoast SEO plugin. -->","yoast_head_json":{"title":"Vergaberecht - Kruhl von Strenge","robots":{"index":"index","follow":"follow","max-snippet":"max-snippet:-1","max-image-preview":"max-image-preview:large","max-video-preview":"max-video-preview:-1"},"canonical":"https:\/\/www.kruhlvonstrenge.de\/en\/rechtsgebiete\/vergaberecht\/","og_locale":"en_US","og_type":"article","og_title":"Vergaberecht - Kruhl von Strenge","og_url":"https:\/\/www.kruhlvonstrenge.de\/en\/rechtsgebiete\/vergaberecht\/","og_site_name":"Kruhl von Strenge","article_modified_time":"2019-05-03T10:04:36+00:00","twitter_card":"summary_large_image","twitter_misc":{"Est. reading time":"1 minute"},"schema":{"@context":"https:\/\/schema.org","@graph":[{"@type":"WebPage","@id":"https:\/\/www.kruhlvonstrenge.de\/rechtsgebiete\/vergaberecht\/","url":"https:\/\/www.kruhlvonstrenge.de\/rechtsgebiete\/vergaberecht\/","name":"Vergaberecht - Kruhl von Strenge","isPartOf":{"@id":"https:\/\/www.kruhlvonstrenge.de\/#website"},"datePublished":"2018-10-15T07:37:14+00:00","dateModified":"2019-05-03T10:04:36+00:00","breadcrumb":{"@id":"https:\/\/www.kruhlvonstrenge.de\/rechtsgebiete\/vergaberecht\/#breadcrumb"},"inLanguage":"en-US","potentialAction":[{"@type":"ReadAction","target":["https:\/\/www.kruhlvonstrenge.de\/rechtsgebiete\/vergaberecht\/"]}]},{"@type":"BreadcrumbList","@id":"https:\/\/www.kruhlvonstrenge.de\/rechtsgebiete\/vergaberecht\/#breadcrumb","itemListElement":[{"@type":"ListItem","position":1,"name":"Startseite","item":"https:\/\/www.kruhlvonstrenge.de\/"},{"@type":"ListItem","position":2,"name":"Rechtsgebiete","item":"https:\/\/www.kruhlvonstrenge.de\/rechtsgebiete\/"},{"@type":"ListItem","position":3,"name":"Vergaberecht"}]},{"@type":"WebSite","@id":"https:\/\/www.kruhlvonstrenge.de\/#website","url":"https:\/\/www.kruhlvonstrenge.de\/","name":"Kruhl von Strenge ensures legal security for your project success","description":"Rechtsanw\u00e4lte","potentialAction":[{"@type":"SearchAction","target":{"@type":"EntryPoint","urlTemplate":"https:\/\/www.kruhlvonstrenge.de\/?s={search_term_string}"},"query-input":"required name=search_term_string"}],"inLanguage":"en-US"}]}},"_links":{"self":[{"href":"https:\/\/www.kruhlvonstrenge.de\/en\/wp-json\/wp\/v2\/pages\/789"}],"collection":[{"href":"https:\/\/www.kruhlvonstrenge.de\/en\/wp-json\/wp\/v2\/pages"}],"about":[{"href":"https:\/\/www.kruhlvonstrenge.de\/en\/wp-json\/wp\/v2\/types\/page"}],"author":[{"embeddable":true,"href":"https:\/\/www.kruhlvonstrenge.de\/en\/wp-json\/wp\/v2\/users\/1"}],"replies":[{"embeddable":true,"href":"https:\/\/www.kruhlvonstrenge.de\/en\/wp-json\/wp\/v2\/comments?post=789"}],"version-history":[{"count":15,"href":"https:\/\/www.kruhlvonstrenge.de\/en\/wp-json\/wp\/v2\/pages\/789\/revisions"}],"predecessor-version":[{"id":1585,"href":"https:\/\/www.kruhlvonstrenge.de\/en\/wp-json\/wp\/v2\/pages\/789\/revisions\/1585"}],"up":[{"embeddable":true,"href":"https:\/\/www.kruhlvonstrenge.de\/en\/wp-json\/wp\/v2\/pages\/623"}],"wp:attachment":[{"href":"https:\/\/www.kruhlvonstrenge.de\/en\/wp-json\/wp\/v2\/media?parent=789"}],"curies":[{"name":"wp","href":"https:\/\/api.w.org\/{rel}","templated":true}]}}