{"id":1180,"date":"2019-02-06T12:26:51","date_gmt":"2019-02-06T11:26:51","guid":{"rendered":"http:\/\/kvs-law.de\/?page_id=1180"},"modified":"2019-04-15T09:33:13","modified_gmt":"2019-04-15T07:33:13","slug":"karriere","status":"publish","type":"page","link":"https:\/\/www.kruhlvonstrenge.de\/en\/karriere\/","title":{"rendered":"CAREERS"},"content":{"rendered":"<div      class=\"vc_row wpb_row section vc_row-fluid\" style=' text-align:left;'><div class=\"full_section_inner clearfix\"><div class=\"wpb_column vc_column_container vc_col-sm-12\"><div class=\"vc_column-inner\"><div class=\"wpb_wrapper\">\n\t<div class=\"wpb_single_image wpb_content_element vc_align_left  vc_custom_1550575041193\">\n\t\t<div class=\"wpb_wrapper\">\n\t\t\t\n\t\t\t<div class=\"vc_single_image-wrapper   vc_box_border_grey\"><img width=\"4000\" height=\"744\" src=\"https:\/\/www.kruhlvonstrenge.de\/wp-content\/uploads\/2018\/03\/kruhl-von-strenge-header-ueber-uns-1.jpg\" class=\"vc_single_image-img attachment-full\" alt=\"\" loading=\"lazy\" title=\"kruhl-von-strenge-header-ueber-uns\" srcset=\"https:\/\/www.kruhlvonstrenge.de\/wp-content\/uploads\/2018\/03\/kruhl-von-strenge-header-ueber-uns-1.jpg 4000w, https:\/\/www.kruhlvonstrenge.de\/wp-content\/uploads\/2018\/03\/kruhl-von-strenge-header-ueber-uns-1-300x56.jpg 300w, https:\/\/www.kruhlvonstrenge.de\/wp-content\/uploads\/2018\/03\/kruhl-von-strenge-header-ueber-uns-1-768x143.jpg 768w, https:\/\/www.kruhlvonstrenge.de\/wp-content\/uploads\/2018\/03\/kruhl-von-strenge-header-ueber-uns-1-1024x190.jpg 1024w, https:\/\/www.kruhlvonstrenge.de\/wp-content\/uploads\/2018\/03\/kruhl-von-strenge-header-ueber-uns-1-700x130.jpg 700w\" sizes=\"(max-width: 4000px) 100vw, 4000px\" \/><\/div>\n\t\t<\/div>\n\t<\/div>\n<\/div><\/div><\/div><\/div><\/div><div      class=\"vc_row wpb_row section vc_row-fluid  grid_section\" style=' text-align:left;'><div class=\"section_inner clearfix\"><div class='section_inner_margin clearfix'><div class=\"wpb_column vc_column_container vc_col-sm-12\"><div class=\"vc_column-inner\"><div class=\"wpb_wrapper\"><div class=\"separator  transparent\" style=\"margin-top: 80pxpx;\"><\/div>\n\n\t<div class=\"wpb_text_column wpb_content_element\">\n\t\t<div class=\"wpb_wrapper\">\n\t\t\t<h1>CAREERS<\/h1>\n\n\t\t<\/div> \n\t<\/div> <div class=\"separator  transparent\" style=\"margin-top: 20pxpx;\"><\/div>\n<\/div><\/div><\/div><\/div><\/div><\/div><div      class=\"vc_row wpb_row section vc_row-fluid  vc_custom_1520352279983 grid_section\" style=' text-align:left;'><div class=\"section_inner clearfix\"><div class='section_inner_margin clearfix'><div class=\"wpb_column vc_column_container vc_col-sm-8\"><div class=\"vc_column-inner\"><div class=\"wpb_wrapper\">\n\t<div class=\"wpb_text_column wpb_content_element\">\n\t\t<div class=\"wpb_wrapper\">\n\t\t\t<p>We are always looking for attorneys to add to our team. If you have a great personality, are a team-player, interested in business and have top legal qualifications, we look forward to your application.<\/p>\n<h4><\/h4>\n\n\t\t<\/div> \n\t<\/div> \n\t<div class=\"wpb_text_column wpb_content_element  vc_custom_1549465225232\">\n\t\t<div class=\"wpb_wrapper\">\n\t\t\t<h4>WHAT TO EXPECT FROM US:<\/h4>\n\n\t\t<\/div> \n\t<\/div> \n\t<div class=\"wpb_text_column wpb_content_element\">\n\t\t<div class=\"wpb_wrapper\">\n\t\t\t<p>Since we are quite specialised and based on our mandate structure you will always be working on challenging legal matters of considerable commercial relevance.<\/p>\n<p>&nbsp;<\/p>\n<p>You will be involved in interesting cases from the start, taking on more and more responsibility along the way. Along with our partners and other colleagues at our firm you will be advising our clients in our specialities and also represent them in legal proceedings.<\/p>\n<p>&nbsp;<\/p>\n<p>Kruhl von Strenge is a cooperative team. At our firm, partners, associates and office staff work together to ensure the success of all our cases. Every colleague is important to us and is valued, and will be supported by the entire team. Open doors, friendly environment and having fun at work is very important to us.<\/p>\n<p>&nbsp;<\/p>\n<p>We know that our associates have already achieved a lot before joining our firm. After all, good exams are the result of a lot of dedication. If you decide to join Kruhl von Strenge, we will build on your skills, continue training you, and plan and shape your career with you.<\/p>\n<p>&nbsp;<\/p>\n<p>We enjoy when our associates use the opportunities offered by us and attend seminars and courses for specialist attorneys.<\/p>\n<p>&nbsp;<\/p>\n<p>We have no standards for the 'billable hours' of our associates.<\/p>\n<p>&nbsp;<\/p>\n<p>Kruhl von Strenge has become extremely well established in the market. If you decide to make use of your career options here at our firm, you will find very attractive opportunities away from major law firms.<\/p>\n<p>&nbsp;<\/p>\n<p>Submit your application to: <a href=\"mailto:info@kruhlvonstrenge.de\">info@kruhlvonstrenge.de<\/a><\/p>\n\n\t\t<\/div> \n\t<\/div> <\/div><\/div><\/div><div class=\"wpb_column vc_column_container vc_col-sm-4\"><div class=\"vc_column-inner\"><div class=\"wpb_wrapper\"><\/div><\/div><\/div><\/div><\/div><\/div>","protected":false},"excerpt":{"rendered":"Karriere Wir sind stets auf der Suche nach Rechtsanw\u00e4ltinnen und Rechtsanw\u00e4lten zur Erg\u00e4nzung unseres Teams. Wenn Sie \u00fcber Pers\u00f6nlichkeit, Teamgeist, Interesse an wirtschaftlichen Zusammenh\u00e4ngen und erstklassige juristische Qualifikationen verf\u00fcgen, freuen wir uns \u00fcber Ihre Bewerbung. Das erwartet Sie bei uns: Bedingt durch den hohen Grad...","protected":false},"author":1,"featured_media":0,"parent":0,"menu_order":5,"comment_status":"closed","ping_status":"closed","template":"full_width.php","meta":[],"yoast_head":"<!-- This site is optimized with the Yoast SEO plugin v20.6 - https:\/\/yoast.com\/wordpress\/plugins\/seo\/ -->\n<title>Karriere - Kruhl von Strenge<\/title>\n<meta name=\"robots\" content=\"index, follow, max-snippet:-1, max-image-preview:large, max-video-preview:-1\" \/>\n<link rel=\"canonical\" href=\"https:\/\/www.kruhlvonstrenge.de\/en\/karriere\/\" \/>\n<meta property=\"og:locale\" content=\"en_US\" \/>\n<meta property=\"og:type\" content=\"article\" \/>\n<meta property=\"og:title\" content=\"Karriere - Kruhl von Strenge\" \/>\n<meta property=\"og:url\" content=\"https:\/\/www.kruhlvonstrenge.de\/en\/karriere\/\" \/>\n<meta property=\"og:site_name\" content=\"Kruhl von Strenge\" \/>\n<meta property=\"article:modified_time\" content=\"2019-04-15T07:33:13+00:00\" \/>\n<meta name=\"twitter:card\" content=\"summary_large_image\" \/>\n<meta name=\"twitter:label1\" content=\"Est. reading time\" \/>\n\t<meta name=\"twitter:data1\" content=\"2 minutes\" \/>\n<script type=\"application\/ld+json\" class=\"yoast-schema-graph\">{\"@context\":\"https:\/\/schema.org\",\"@graph\":[{\"@type\":\"WebPage\",\"@id\":\"https:\/\/www.kruhlvonstrenge.de\/karriere\/\",\"url\":\"https:\/\/www.kruhlvonstrenge.de\/karriere\/\",\"name\":\"Karriere - Kruhl von Strenge\",\"isPartOf\":{\"@id\":\"https:\/\/www.kruhlvonstrenge.de\/#website\"},\"datePublished\":\"2019-02-06T11:26:51+00:00\",\"dateModified\":\"2019-04-15T07:33:13+00:00\",\"breadcrumb\":{\"@id\":\"https:\/\/www.kruhlvonstrenge.de\/karriere\/#breadcrumb\"},\"inLanguage\":\"en-US\",\"potentialAction\":[{\"@type\":\"ReadAction\",\"target\":[\"https:\/\/www.kruhlvonstrenge.de\/karriere\/\"]}]},{\"@type\":\"BreadcrumbList\",\"@id\":\"https:\/\/www.kruhlvonstrenge.de\/karriere\/#breadcrumb\",\"itemListElement\":[{\"@type\":\"ListItem\",\"position\":1,\"name\":\"Startseite\",\"item\":\"https:\/\/www.kruhlvonstrenge.de\/\"},{\"@type\":\"ListItem\",\"position\":2,\"name\":\"Karriere\"}]},{\"@type\":\"WebSite\",\"@id\":\"https:\/\/www.kruhlvonstrenge.de\/#website\",\"url\":\"https:\/\/www.kruhlvonstrenge.de\/\",\"name\":\"Kruhl von Strenge\",\"description\":\"Rechtsanw\u00e4lte\",\"potentialAction\":[{\"@type\":\"SearchAction\",\"target\":{\"@type\":\"EntryPoint\",\"urlTemplate\":\"https:\/\/www.kruhlvonstrenge.de\/?s={search_term_string}\"},\"query-input\":\"required name=search_term_string\"}],\"inLanguage\":\"en-US\"}]}<\/script>\n<!-- \/ Yoast SEO plugin. -->","yoast_head_json":{"title":"Karriere - Kruhl von Strenge","robots":{"index":"index","follow":"follow","max-snippet":"max-snippet:-1","max-image-preview":"max-image-preview:large","max-video-preview":"max-video-preview:-1"},"canonical":"https:\/\/www.kruhlvonstrenge.de\/en\/karriere\/","og_locale":"en_US","og_type":"article","og_title":"Karriere - Kruhl von Strenge","og_url":"https:\/\/www.kruhlvonstrenge.de\/en\/karriere\/","og_site_name":"Kruhl von Strenge","article_modified_time":"2019-04-15T07:33:13+00:00","twitter_card":"summary_large_image","twitter_misc":{"Est. reading time":"2 minutes"},"schema":{"@context":"https:\/\/schema.org","@graph":[{"@type":"WebPage","@id":"https:\/\/www.kruhlvonstrenge.de\/karriere\/","url":"https:\/\/www.kruhlvonstrenge.de\/karriere\/","name":"Karriere - Kruhl von Strenge","isPartOf":{"@id":"https:\/\/www.kruhlvonstrenge.de\/#website"},"datePublished":"2019-02-06T11:26:51+00:00","dateModified":"2019-04-15T07:33:13+00:00","breadcrumb":{"@id":"https:\/\/www.kruhlvonstrenge.de\/karriere\/#breadcrumb"},"inLanguage":"en-US","potentialAction":[{"@type":"ReadAction","target":["https:\/\/www.kruhlvonstrenge.de\/karriere\/"]}]},{"@type":"BreadcrumbList","@id":"https:\/\/www.kruhlvonstrenge.de\/karriere\/#breadcrumb","itemListElement":[{"@type":"ListItem","position":1,"name":"Startseite","item":"https:\/\/www.kruhlvonstrenge.de\/"},{"@type":"ListItem","position":2,"name":"Karriere"}]},{"@type":"WebSite","@id":"https:\/\/www.kruhlvonstrenge.de\/#website","url":"https:\/\/www.kruhlvonstrenge.de\/","name":"Kruhl von Strenge ensures legal security for your project success","description":"Rechtsanw\u00e4lte","potentialAction":[{"@type":"SearchAction","target":{"@type":"EntryPoint","urlTemplate":"https:\/\/www.kruhlvonstrenge.de\/?s={search_term_string}"},"query-input":"required name=search_term_string"}],"inLanguage":"en-US"}]}},"_links":{"self":[{"href":"https:\/\/www.kruhlvonstrenge.de\/en\/wp-json\/wp\/v2\/pages\/1180"}],"collection":[{"href":"https:\/\/www.kruhlvonstrenge.de\/en\/wp-json\/wp\/v2\/pages"}],"about":[{"href":"https:\/\/www.kruhlvonstrenge.de\/en\/wp-json\/wp\/v2\/types\/page"}],"author":[{"embeddable":true,"href":"https:\/\/www.kruhlvonstrenge.de\/en\/wp-json\/wp\/v2\/users\/1"}],"replies":[{"embeddable":true,"href":"https:\/\/www.kruhlvonstrenge.de\/en\/wp-json\/wp\/v2\/comments?post=1180"}],"version-history":[{"count":19,"href":"https:\/\/www.kruhlvonstrenge.de\/en\/wp-json\/wp\/v2\/pages\/1180\/revisions"}],"predecessor-version":[{"id":1553,"href":"https:\/\/www.kruhlvonstrenge.de\/en\/wp-json\/wp\/v2\/pages\/1180\/revisions\/1553"}],"wp:attachment":[{"href":"https:\/\/www.kruhlvonstrenge.de\/en\/wp-json\/wp\/v2\/media?parent=1180"}],"curies":[{"name":"wp","href":"https:\/\/api.w.org\/{rel}","templated":true}]}}