{"id":1000,"date":"2018-11-15T11:43:28","date_gmt":"2018-11-15T10:43:28","guid":{"rendered":"http:\/\/kvs-law.de\/?page_id=1000"},"modified":"2019-05-29T09:56:04","modified_gmt":"2019-05-29T07:56:04","slug":"daniel-albrecht","status":"publish","type":"page","link":"https:\/\/www.kruhlvonstrenge.de\/en\/daniel-albrecht\/","title":{"rendered":"Daniel Albrecht"},"content":{"rendered":"<div      class=\"vc_row wpb_row section vc_row-fluid\" style=' text-align:left;'><div class=\"full_section_inner clearfix\"><div class=\"wpb_column vc_column_container vc_col-sm-12\"><div class=\"vc_column-inner\"><div class=\"wpb_wrapper\">\n\t<div class=\"wpb_text_column wpb_content_element\">\n\t\t<div class=\"wpb_wrapper\">\n\t\t\t\n\t\t<!-- MasterSlider -->\n\t\t<div id=\"P_MS69f4adc9aec68\" class=\"master-slider-parent ms-parent-id-12\" style=\"\" >\n\n\t\t\t\n\t\t\t<!-- MasterSlider Main -->\n\t\t\t<div id=\"MS69f4adc9aec68\" class=\"master-slider ms-skin-default\" >\n\t\t\t\t \t\t\t\t \n\n\t\t\t<div  class=\"ms-slide\" data-delay=\"5\" data-fill-mode=\"fill\"  data-id=\"1\"  >\n\t\t\t\t\t<img src=\"https:\/\/www.kruhlvonstrenge.de\/wp-content\/plugins\/masterslider\/public\/assets\/css\/blank.gif\" alt=\"\" title=\"Header-Bild-6\" data-src=\"https:\/\/www.kruhlvonstrenge.de\/wp-content\/uploads\/2018\/11\/kruhl-von-strenge-header-albrecht.jpg\" \/>\n\n\n\t\t\t\t<\/div>\n\n\t\t\t<\/div>\n\t\t\t<!-- END MasterSlider Main -->\n\n\t\t\t \n\t\t<\/div>\n\t\t<!-- END MasterSlider -->\n\n\t\t<script>\n\t\t( window.MSReady = window.MSReady || [] ).push( function( $ ) {\n\n\t\t\t\"use strict\";\n\t\t\tvar masterslider_ec68 = new MasterSlider();\n\n\t\t\t\/\/ slider controls\n\t\t\t\/\/ slider setup\n\t\t\tmasterslider_ec68.setup(\"MS69f4adc9aec68\", {\n\t\t\t\twidth           : 1400,\n\t\t\t\theight          : 360,\n\t\t\t\tminHeight       : 0,\n\t\t\t\tspace           : 0,\n\t\t\t\tstart           : 1,\n\t\t\t\tgrabCursor      : true,\n\t\t\t\tswipe           : true,\n\t\t\t\tmouse           : true,\n\t\t\t\tkeyboard        : false,\n\t\t\t\tlayout          : \"fullwidth\",\n\t\t\t\twheel           : false,\n\t\t\t\tautoplay        : true,\n                instantStartLayers:false,\n\t\t\t\tmobileBGVideo:false,\n\t\t\t\tloop            : true,\n\t\t\t\tshuffle         : false,\n\t\t\t\tpreload         : 0,\n\t\t\t\theightLimit     : true,\n\t\t\t\tautoHeight      : false,\n\t\t\t\tsmoothHeight    : true,\n\t\t\t\tendPause        : false,\n\t\t\t\toverPause       : false,\n\t\t\t\tfillMode        : \"fill\",\n\t\t\t\tcenterControls  : true,\n\t\t\t\tstartOnAppear   : false,\n\t\t\t\tlayersMode      : \"center\",\n\t\t\t\tautofillTarget  : \"\",\n\t\t\t\thideLayers      : false,\n\t\t\t\tfullscreenMargin: 0,\n\t\t\t\tspeed           : 25,\n\t\t\t\tdir             : \"h\",\n\t\t\t\tresponsive      : true,\n\t\t\t\ttabletWidth     : 768,\n\t\t\t\ttabletHeight    : null,\n\t\t\t\tphoneWidth      : 480,\n\t\t\t\tphoneHeight    : null,\n\t\t\t\tsizingReference : window,\n\t\t\t\tparallaxMode    : 'swipe',\n\t\t\t\tview            : \"fade\"\n\t\t\t});\n\n\t\t\t\n\t\t\twindow.masterslider_instances = window.masterslider_instances || [];\n\t\t\twindow.masterslider_instances.push( masterslider_ec68 );\n\t\t});\n\t\t<\/script>\n\n\n\n\t\t<\/div> \n\t<\/div> <\/div><\/div><\/div><\/div><\/div><div      class=\"vc_row wpb_row section vc_row-fluid  vc_custom_1555331514852 grid_section\" style=' text-align:left;'><div class=\"section_inner clearfix\"><div class='section_inner_margin clearfix'><div class=\"wpb_column vc_column_container vc_col-sm-8\"><div class=\"vc_column-inner vc_custom_1550846965570\"><div class=\"wpb_wrapper\">\n\t<div class=\"wpb_text_column wpb_content_element\">\n\t\t<div class=\"wpb_wrapper\">\n\t\t\t<h1>Daniel Albrecht<\/h1>\n\n\t\t<\/div> \n\t<\/div> <div class=\"separator  transparent\" style=\"margin-top: 50pxpx;\"><\/div>\n\n\t<div class=\"wpb_text_column wpb_content_element\">\n\t\t<div class=\"wpb_wrapper\">\n\t\t\t<h5>PROFILE<\/h5>\n\n\t\t<\/div> \n\t<\/div> <div class=\"separator  transparent\" style=\"margin-top: 10pxpx;\"><\/div>\n\n\t<div class=\"wpb_text_column wpb_content_element\">\n\t\t<div class=\"wpb_wrapper\">\n\t\t\t<p>Daniel Albrecht specialises in public law. His focuses are on public building and planning law, environmental law, PPP projects as well as ligation.<\/p>\n\n\t\t<\/div> \n\t<\/div> <div class=\"separator  transparent\" style=\"margin-top: 50px;\"><\/div>\n\n\t<div class=\"wpb_text_column wpb_content_element\">\n\t\t<div class=\"wpb_wrapper\">\n\t\t\t<h5>PROFESSIONAL BACKGROUND<\/h5>\n\n\t\t<\/div> \n\t<\/div> <div class=\"separator  transparent\" style=\"margin-top: 10pxpx;\"><\/div>\n<div      class=\"vc_row wpb_row section vc_row-fluid vc_inner  vc_custom_1531313132439\" style=' text-align:left;'><div class=\"full_section_inner clearfix\"><div class=\"wpb_column vc_column_container vc_col-sm-3\"><div class=\"vc_column-inner\"><div class=\"wpb_wrapper\">\n\t<div class=\"wpb_text_column wpb_content_element\">\n\t\t<div class=\"wpb_wrapper\">\n\t\t\t<p><strong>2015<\/strong><\/p>\n\n\t\t<\/div> \n\t<\/div> <\/div><\/div><\/div><div class=\"wpb_column vc_column_container vc_col-sm-9\"><div class=\"vc_column-inner\"><div class=\"wpb_wrapper\">\n\t<div class=\"wpb_text_column wpb_content_element\">\n\t\t<div class=\"wpb_wrapper\">\n\t\t\t<p>First state examination in law (Universities of Frankfurt\/Main and M\u00fcnster)<\/p>\n\n\t\t<\/div> \n\t<\/div> <\/div><\/div><\/div><\/div><\/div><div      class=\"vc_row wpb_row section vc_row-fluid vc_inner  vc_custom_1531313132439\" style=' text-align:left;'><div class=\"full_section_inner clearfix\"><div class=\"wpb_column vc_column_container vc_col-sm-3\"><div class=\"vc_column-inner\"><div class=\"wpb_wrapper\">\n\t<div class=\"wpb_text_column wpb_content_element\">\n\t\t<div class=\"wpb_wrapper\">\n\t\t\t<p><strong>2018<\/strong><\/p>\n\n\t\t<\/div> \n\t<\/div> <\/div><\/div><\/div><div class=\"wpb_column vc_column_container vc_col-sm-9\"><div class=\"vc_column-inner\"><div class=\"wpb_wrapper\">\n\t<div class=\"wpb_text_column wpb_content_element\">\n\t\t<div class=\"wpb_wrapper\">\n\t\t\t<p>Second state examination in law (LJPA D\u00fcsseldorf)<\/p>\n\n\t\t<\/div> \n\t<\/div> <\/div><\/div><\/div><\/div><\/div><div      class=\"vc_row wpb_row section vc_row-fluid vc_inner  vc_custom_1531313132439\" style=' text-align:left;'><div class=\"full_section_inner clearfix\"><div class=\"wpb_column vc_column_container vc_col-sm-3\"><div class=\"vc_column-inner\"><div class=\"wpb_wrapper\">\n\t<div class=\"wpb_text_column wpb_content_element\">\n\t\t<div class=\"wpb_wrapper\">\n\t\t\t<p><strong>Since 2019<\/strong><\/p>\n\n\t\t<\/div> \n\t<\/div> <\/div><\/div><\/div><div class=\"wpb_column vc_column_container vc_col-sm-9\"><div class=\"vc_column-inner\"><div class=\"wpb_wrapper\">\n\t<div class=\"wpb_text_column wpb_content_element\">\n\t\t<div class=\"wpb_wrapper\">\n\t\t\t<p>Attorney at Kruhl von Strenge<\/p>\n\n\t\t<\/div> \n\t<\/div> <\/div><\/div><\/div><\/div><\/div><\/div><\/div><\/div><div class=\"wpb_column vc_column_container vc_col-sm-4 vc_hidden-md vc_hidden-sm vc_hidden-xs\"><div class=\"vc_column-inner vc_custom_1555331318303\"><div class=\"wpb_wrapper\">\n\t<div class=\"wpb_text_column wpb_content_element\">\n\t\t<div class=\"wpb_wrapper\">\n\t\t\t<h6>Phone: +49 \u2013 40 \u2013 300 39 19 0<br \/>\n<a href=\"mailto:daniel.albrecht@kruhlvonstrenge.de\">daniel.albrecht@kruhlvonstrenge.de<\/a><br \/>\n<a href=\"http:\/\/kvs-law.de\/wp-content\/uploads\/2019\/04\/Daniel-Albrecht.vcf\">V-Card<\/a><\/h6>\n\n\t\t<\/div> \n\t<\/div> <\/div><\/div><\/div><\/div><\/div><\/div><div      class=\"vc_row wpb_row section vc_row-fluid  grid_section\" style=' text-align:left;'><div class=\"section_inner clearfix\"><div class='section_inner_margin clearfix'><div class=\"wpb_column vc_column_container vc_col-sm-8 vc_hidden-lg\"><div class=\"vc_column-inner\"><div class=\"wpb_wrapper\">\n\t<div class=\"wpb_text_column wpb_content_element\">\n\t\t<div class=\"wpb_wrapper\">\n\t\t\t<h6>Phone: +49 \u2013 40 \u2013 300 39 19 0<br \/>\n<a href=\"mailto:daniel.albrecht@kruhlvonstrenge.de\">daniel.albrecht@kruhlvonstrenge.de<\/a><br \/>\n<a href=\"http:\/\/kvs-law.de\/wp-content\/uploads\/2019\/04\/Daniel-Albrecht.vcf\">V-Card<\/a><\/h6>\n\n\t\t<\/div> \n\t<\/div> <\/div><\/div><\/div><div class=\"wpb_column vc_column_container vc_col-sm-4\"><div class=\"vc_column-inner\"><div class=\"wpb_wrapper\"><\/div><\/div><\/div><\/div><\/div><\/div>","protected":false},"excerpt":{"rendered":"Daniel Albrecht PROFIL Daniel Albrecht ist spezialisiert auf das \u00f6ffentliche Recht. Seine Schwerpunkte liegen in den Bereichen \u00f6ffentliches Bau- und Planungsrecht, Umweltrecht, \u00d6PP-Projekte sowie in der Prozessf\u00fchrung. WERDEGANG 2015 Erstes juristisches Staatsexamen (Universit\u00e4ten Frankfurt a.M. und M\u00fcnster) 2018 Zweites juristisches Staatsexamen (OLG D\u00fcsseldorf) Seit 2019...","protected":false},"author":1,"featured_media":0,"parent":0,"menu_order":25,"comment_status":"closed","ping_status":"closed","template":"full_width.php","meta":[],"yoast_head":"<!-- This site is optimized with the Yoast SEO plugin v20.6 - https:\/\/yoast.com\/wordpress\/plugins\/seo\/ -->\n<title>Daniel Albrecht - Kruhl von Strenge<\/title>\n<meta name=\"robots\" content=\"index, follow, max-snippet:-1, max-image-preview:large, max-video-preview:-1\" \/>\n<link rel=\"canonical\" href=\"https:\/\/www.kruhlvonstrenge.de\/en\/daniel-albrecht\/\" \/>\n<meta property=\"og:locale\" content=\"en_US\" \/>\n<meta property=\"og:type\" content=\"article\" \/>\n<meta property=\"og:title\" content=\"Daniel Albrecht - Kruhl von Strenge\" \/>\n<meta property=\"og:url\" content=\"https:\/\/www.kruhlvonstrenge.de\/en\/daniel-albrecht\/\" \/>\n<meta property=\"og:site_name\" content=\"Kruhl von Strenge\" \/>\n<meta property=\"article:modified_time\" content=\"2019-05-29T07:56:04+00:00\" \/>\n<meta name=\"twitter:card\" content=\"summary_large_image\" \/>\n<meta name=\"twitter:label1\" content=\"Est. reading time\" \/>\n\t<meta name=\"twitter:data1\" content=\"2 minutes\" \/>\n<script type=\"application\/ld+json\" class=\"yoast-schema-graph\">{\"@context\":\"https:\/\/schema.org\",\"@graph\":[{\"@type\":\"WebPage\",\"@id\":\"https:\/\/www.kruhlvonstrenge.de\/daniel-albrecht\/\",\"url\":\"https:\/\/www.kruhlvonstrenge.de\/daniel-albrecht\/\",\"name\":\"Daniel Albrecht - Kruhl von Strenge\",\"isPartOf\":{\"@id\":\"https:\/\/www.kruhlvonstrenge.de\/#website\"},\"datePublished\":\"2018-11-15T10:43:28+00:00\",\"dateModified\":\"2019-05-29T07:56:04+00:00\",\"breadcrumb\":{\"@id\":\"https:\/\/www.kruhlvonstrenge.de\/daniel-albrecht\/#breadcrumb\"},\"inLanguage\":\"en-US\",\"potentialAction\":[{\"@type\":\"ReadAction\",\"target\":[\"https:\/\/www.kruhlvonstrenge.de\/daniel-albrecht\/\"]}]},{\"@type\":\"BreadcrumbList\",\"@id\":\"https:\/\/www.kruhlvonstrenge.de\/daniel-albrecht\/#breadcrumb\",\"itemListElement\":[{\"@type\":\"ListItem\",\"position\":1,\"name\":\"Startseite\",\"item\":\"https:\/\/www.kruhlvonstrenge.de\/\"},{\"@type\":\"ListItem\",\"position\":2,\"name\":\"Daniel Albrecht\"}]},{\"@type\":\"WebSite\",\"@id\":\"https:\/\/www.kruhlvonstrenge.de\/#website\",\"url\":\"https:\/\/www.kruhlvonstrenge.de\/\",\"name\":\"Kruhl von Strenge\",\"description\":\"Rechtsanw\u00e4lte\",\"potentialAction\":[{\"@type\":\"SearchAction\",\"target\":{\"@type\":\"EntryPoint\",\"urlTemplate\":\"https:\/\/www.kruhlvonstrenge.de\/?s={search_term_string}\"},\"query-input\":\"required name=search_term_string\"}],\"inLanguage\":\"en-US\"}]}<\/script>\n<!-- \/ Yoast SEO plugin. -->","yoast_head_json":{"title":"Daniel Albrecht - Kruhl von Strenge","robots":{"index":"index","follow":"follow","max-snippet":"max-snippet:-1","max-image-preview":"max-image-preview:large","max-video-preview":"max-video-preview:-1"},"canonical":"https:\/\/www.kruhlvonstrenge.de\/en\/daniel-albrecht\/","og_locale":"en_US","og_type":"article","og_title":"Daniel Albrecht - Kruhl von Strenge","og_url":"https:\/\/www.kruhlvonstrenge.de\/en\/daniel-albrecht\/","og_site_name":"Kruhl von Strenge","article_modified_time":"2019-05-29T07:56:04+00:00","twitter_card":"summary_large_image","twitter_misc":{"Est. reading time":"2 minutes"},"schema":{"@context":"https:\/\/schema.org","@graph":[{"@type":"WebPage","@id":"https:\/\/www.kruhlvonstrenge.de\/daniel-albrecht\/","url":"https:\/\/www.kruhlvonstrenge.de\/daniel-albrecht\/","name":"Daniel Albrecht - Kruhl von Strenge","isPartOf":{"@id":"https:\/\/www.kruhlvonstrenge.de\/#website"},"datePublished":"2018-11-15T10:43:28+00:00","dateModified":"2019-05-29T07:56:04+00:00","breadcrumb":{"@id":"https:\/\/www.kruhlvonstrenge.de\/daniel-albrecht\/#breadcrumb"},"inLanguage":"en-US","potentialAction":[{"@type":"ReadAction","target":["https:\/\/www.kruhlvonstrenge.de\/daniel-albrecht\/"]}]},{"@type":"BreadcrumbList","@id":"https:\/\/www.kruhlvonstrenge.de\/daniel-albrecht\/#breadcrumb","itemListElement":[{"@type":"ListItem","position":1,"name":"Startseite","item":"https:\/\/www.kruhlvonstrenge.de\/"},{"@type":"ListItem","position":2,"name":"Daniel Albrecht"}]},{"@type":"WebSite","@id":"https:\/\/www.kruhlvonstrenge.de\/#website","url":"https:\/\/www.kruhlvonstrenge.de\/","name":"Kruhl von Strenge ensures legal security for your project success","description":"Rechtsanw\u00e4lte","potentialAction":[{"@type":"SearchAction","target":{"@type":"EntryPoint","urlTemplate":"https:\/\/www.kruhlvonstrenge.de\/?s={search_term_string}"},"query-input":"required name=search_term_string"}],"inLanguage":"en-US"}]}},"_links":{"self":[{"href":"https:\/\/www.kruhlvonstrenge.de\/en\/wp-json\/wp\/v2\/pages\/1000"}],"collection":[{"href":"https:\/\/www.kruhlvonstrenge.de\/en\/wp-json\/wp\/v2\/pages"}],"about":[{"href":"https:\/\/www.kruhlvonstrenge.de\/en\/wp-json\/wp\/v2\/types\/page"}],"author":[{"embeddable":true,"href":"https:\/\/www.kruhlvonstrenge.de\/en\/wp-json\/wp\/v2\/users\/1"}],"replies":[{"embeddable":true,"href":"https:\/\/www.kruhlvonstrenge.de\/en\/wp-json\/wp\/v2\/comments?post=1000"}],"version-history":[{"count":13,"href":"https:\/\/www.kruhlvonstrenge.de\/en\/wp-json\/wp\/v2\/pages\/1000\/revisions"}],"predecessor-version":[{"id":1662,"href":"https:\/\/www.kruhlvonstrenge.de\/en\/wp-json\/wp\/v2\/pages\/1000\/revisions\/1662"}],"wp:attachment":[{"href":"https:\/\/www.kruhlvonstrenge.de\/en\/wp-json\/wp\/v2\/media?parent=1000"}],"curies":[{"name":"wp","href":"https:\/\/api.w.org\/{rel}","templated":true}]}}